{"id":67,"date":"2016-06-14T05:20:40","date_gmt":"2016-06-14T05:20:40","guid":{"rendered":"http:\/\/sw-themes.com\/porto_dummy\/?page_id=67"},"modified":"2023-12-21T10:17:20","modified_gmt":"2023-12-21T10:17:20","slug":"escuelas","status":"publish","type":"page","link":"https:\/\/hontzamuseoa.eus\/es\/escuelas\/","title":{"rendered":"Escuelas"},"content":{"rendered":"<div class=\"wpb-content-wrapper\"><p>[vc_row wrap_container=\u00bbyes\u00bb css=\u00bb.vc_custom_1543831225971{padding-top: 50px !important;}\u00bb][vc_column]<div class=\"porto-u-heading  wpb_custom_95aa9a11c17ad45cfabaf210d84ee7cc porto-u-ad87e2eaf3f9c495180fe0156ddf3eb0 \" data-appear-animation=\"maskUp\" data-appear-animation-delay=\"100\"><div class=\"porto-u-main-heading\"><h2   style=\"font-weight:700;font-size:32px;line-height:42px;\">Conoce y ama nuestro entorno<\/h2><\/div><style>.porto-u-ad87e2eaf3f9c495180fe0156ddf3eb0.porto-u-heading{text-align:left}<\/style><\/div>[\/vc_column][\/vc_row][vc_row wrap_container=\u00bbyes\u00bb css=\u00bb.vc_custom_1573495464334{padding-bottom: 30px !important;}\u00bb][vc_column width=\u00bb5\/6&#8243; offset=\u00bbvc_col-md-10 vc_col-xs-12&#8243;][vc_column_text el_class=\u00bblead\u00bb]Hontza Museoa es <span class=\"alternative-font\">naturaleza<\/span> en estado puro. Descubre m\u00e1s de <span style=\"color: #105406;\"><strong>47.000 especies animales<\/strong><\/span> de todo el mundo.[\/vc_column_text][\/vc_column][vc_column width=\u00bb1\/6&#8243;][vc_btn title=\u00bbContacta\u00bb style=\u00bbmodern\u00bb skin=\u00bbprimary\u00bb link=\u00bburl:https%3A%2F%2Fhontzamuseoa.eus%2Fes%2Fcontacto%2F|||\u00bb][\/vc_column][\/vc_row][vc_row wrap_container=\u00bbyes\u00bb][vc_column][vc_separator color=\u00bbcustom\u00bb gap=\u00bbtall\u00bb gradient=\u00bbyes\u00bb][vc_row_inner animation_delay=\u00bb100&#8243; el_class=\u00bbalign-items-center\u00bb animation_type=\u00bbfadeInRight\u00bb][vc_column_inner width=\u00bb1\/2&#8243;][vc_single_image image=\u00bb16684&#8243; img_size=\u00bbfull\u00bb el_class=\u00bbmt-4&#8243;][\/vc_column_inner][vc_column_inner width=\u00bb1\/2&#8243;]<div class=\"porto-u-heading  wpb_custom_95aa9a11c17ad45cfabaf210d84ee7cc porto-u-ad87e2eaf3f9c495180fe0156ddf3eb0 \"><div class=\"porto-u-main-heading\"><h2   style=\"margin-bottom: 20px;font-size:25px;\"><b>Visitas<\/b> para alumnado de Primaria, Secundaria, Bachilleres y Universitarios<\/h2><\/div><style>.porto-u-ad87e2eaf3f9c495180fe0156ddf3eb0.porto-u-heading{text-align:left}<\/style><\/div>[vc_column_text]En Hontza Museoa queremos que tu visita sea una visita \u00fanica y personalizada. Por eso ofrecemos a los colegios una visita concertada. Para ello ser\u00e1 necesaria la reserva con antelaci\u00f3n. <a href=\"https:\/\/hontzamuseoa.eus\/es\/contacto\/\"><strong>Ll\u00e1manos o escr\u00edbenos<\/strong><\/a> con antelaci\u00f3n, a trav\u00e9s del formulario de contacto o bien a info @ hontzamuseoa.eus y reserva d\u00eda y hora que mejor se adapte a tu colegio.<\/p>\n<h4>Todas las reservas ser\u00e1n confirmadas por personal del museo.<\/h4>\n<h4>\u00a1Te esperamos!<\/h4>\n<p>[\/vc_column_text][\/vc_column_inner][\/vc_row_inner][\/vc_column][\/vc_row][vc_row wrap_container=\u00bbyes\u00bb css=\u00bb.vc_custom_1574101102310{margin-top: 20px !important;margin-bottom: 20px !important;padding-top: 35px !important;background-color: #f1f1f1 !important;}\u00bb][vc_column width=\u00bb1\/4&#8243;]<div class=\"stats-block stats-top   wpb_custom_a517333ace5b1666c6af8bd4684f1de9\"><div class=\"stats-desc\"><div class=\"counter_prefix mycust\" style=\"font-size:50px; \">+<\/div><div id=\"counter_62327347069dfee1ac8106\" data-id=\"counter_62327347069dfee1ac8106\" class=\"stats-number\" style=\"font-size:50px; \" data-speed=\"3\" data-counter-value=\"20000\" data-separator=\".\" data-decimal=\".\">0<\/div><div class=\"stats-text\" style=\"font-size:20px;\">Visitantes<\/div><\/div><\/div>[\/vc_column][vc_column width=\u00bb1\/4&#8243;]<div class=\"stats-block stats-top   wpb_custom_a517333ace5b1666c6af8bd4684f1de9\"><div class=\"stats-desc\"><div id=\"counter_43759287969dfee1ac82f0\" data-id=\"counter_43759287969dfee1ac82f0\" class=\"stats-number\" style=\"font-size:50px; \" data-speed=\"3\" data-counter-value=\"320\" data-separator=\",\" data-decimal=\".\">0<\/div><div class=\"stats-text\" style=\"font-size:20px;\">Visitas de Escuelas<\/div><\/div><\/div>[\/vc_column][vc_column width=\u00bb1\/4&#8243;]<div class=\"stats-block stats-top   wpb_custom_a517333ace5b1666c6af8bd4684f1de9\"><div class=\"stats-desc\"><div id=\"counter_68181448569dfee1ac8486\" data-id=\"counter_68181448569dfee1ac8486\" class=\"stats-number\" style=\"font-size:50px; \" data-speed=\"3\" data-counter-value=\"9\" data-separator=\".\" data-decimal=\".\">0<\/div><div class=\"stats-text\" style=\"font-size:20px;\">A\u00f1os abiertos al p\u00fablico<\/div><\/div><\/div>[\/vc_column][vc_column width=\u00bb1\/4&#8243;]<div class=\"stats-block stats-top   wpb_custom_a517333ace5b1666c6af8bd4684f1de9\"><div class=\"stats-desc\"><div class=\"counter_prefix mycust\" style=\"font-size:50px; \">+<\/div><div id=\"counter_199045569569dfee1ac8617\" data-id=\"counter_199045569569dfee1ac8617\" class=\"stats-number\" style=\"font-size:50px; \" data-speed=\"3\" data-counter-value=\"47000\" data-separator=\".\" data-decimal=\".\">0<\/div><div class=\"stats-text\" style=\"font-size:20px;\">Ejemplares registrados<\/div><\/div><\/div>[\/vc_column][\/vc_row][vc_row wrap_container=\u00bbyes\u00bb css=\u00bb.vc_custom_1574100636529{padding-top: 35px !important;}\u00bb][vc_column][vc_custom_heading text=\u00bbImportante para el profesorado\u00bb use_theme_fonts=\u00bbyes\u00bb el_class=\u00bbshorter\u00bb][vc_column_text]Consulta nuestro apartado de consejos y preguntas frecuentes[\/vc_column_text][vc_separator color=\u00bbcustom\u00bb gap=\u00bbtall\u00bb gradient=\u00bbyes\u00bb]<div class=\"porto-faqs porto-faqs5a2g wpb_content_element \">\r\n\t<div class=\"page-faqs clearfix wpb_custom_7fe7ddf8f1a240d6488c8a8c41279112\" id=\"porto_faqs_xymn\">\r\n\r\n\t\t\r\n\t\t\r\n\t\t<div class=\"faq-row faqs-container\">\r\n\t\t\t\r\n<div class=\"faq visita post-29 type-faq status-publish hentry faq_cat-visita\">\r\n\t<section class=\"toggle\">\r\n\t\t<label>Convierte tu visita en un d\u00eda inolvidable<\/label>\r\n\t\t<div class=\"toggle-content\">\r\n\t\t<h3 class=\"entry-title\" style=\"display: none;\">Convierte tu visita en un d\u00eda inolvidable<\/h3><span class=\"vcard\" style=\"display: none;\"><span class=\"fn\"><a href=\"https:\/\/hontzamuseoa.eus\/es\/author\/hontza-bqn\/\" title=\"Entradas de Hontza-Bqn\" rel=\"author\">Hontza-Bqn<\/a><\/span><\/span><span class=\"updated\" style=\"display:none\">2020-01-24T09:47:41+00:00<\/span>Antes de visitar el Museo, se podr\u00eda plantear en clase cual es el animal preferido de cada alumna\/o. Al llegar al museo buscarlo en la exposici\u00f3n y anotar el nombre cient\u00edfico del animal en cuesti\u00f3n. Hacerlo como una especie de juego donde les haga moverse por el museo en busca de su animal preferido, y anotar junto a qu\u00e9 otro animal lo han encontrado, y si era de la misma especie o no.\r\nFinalmente, para recordar la visita, pueden sacarse una foto en su rinc\u00f3n preferido, o junto al animal que elijan.\t\t<\/div>\r\n\t<\/section>\r\n<\/div>\r\n\r\n<div class=\"faq visita post-28 type-faq status-publish hentry faq_cat-visita\">\r\n\t<section class=\"toggle\">\r\n\t\t<label>Reserva con antelaci\u00f3n<\/label>\r\n\t\t<div class=\"toggle-content\">\r\n\t\t<h3 class=\"entry-title\" style=\"display: none;\">Reserva con antelaci\u00f3n<\/h3><span class=\"vcard\" style=\"display: none;\"><span class=\"fn\"><a href=\"https:\/\/hontzamuseoa.eus\/es\/author\/hontza-bqn\/\" title=\"Entradas de Hontza-Bqn\" rel=\"author\">Hontza-Bqn<\/a><\/span><\/span><span class=\"updated\" style=\"display:none\">2020-03-25T18:49:07+00:00<\/span>Es conveniente que reserves tu cita con antelaci\u00f3n. De ese modo podr\u00e1s visitar el museo en la fecha que mejor te convenga, sin riesgo a que ese d\u00eda se encuentre ya ocupado. La reserva anticipada nos ayuda a establecer un contacto previo con el profesorado y acordar el tema que prefieran para la visita guiada. En funci\u00f3n de lo que est\u00e9n tratando en clase, la visita se adapta al temario del curso y la edad del alumnado. La duraci\u00f3n de la visita guiada est\u00e1 establecida en 60 minutos, pudiendo aumentar un poco, o reducir (en el caso de que sean muchas clases y se hagan varios grupos) en funci\u00f3n del tiempo que tengan hasta volver al colegio.\t\t<\/div>\r\n\t<\/section>\r\n<\/div>\r\n\r\n<div class=\"faq visita post-27 type-faq status-publish hentry faq_cat-visita\">\r\n\t<section class=\"toggle\">\r\n\t\t<label>N\u00famero de alumnos por visita<\/label>\r\n\t\t<div class=\"toggle-content\">\r\n\t\t<h3 class=\"entry-title\" style=\"display: none;\">N\u00famero de alumnos por visita<\/h3><span class=\"vcard\" style=\"display: none;\"><span class=\"fn\"><a href=\"https:\/\/hontzamuseoa.eus\/es\/author\/hontza-bqn\/\" title=\"Entradas de Hontza-Bqn\" rel=\"author\">Hontza-Bqn<\/a><\/span><\/span><span class=\"updated\" style=\"display:none\">2020-03-25T18:51:07+00:00<\/span><strong>Se recomienda no superar los 25 alumnos a la vez por grupo<\/strong>. En el caso de clases con un n\u00famero superior de alumnos, se tendr\u00e1 en cuenta la edad de los mismos, y la posibilidad de hacer distintos grupos o un pase por el total.\r\n\r\nEl material did\u00e1ctico utilizado se les ense\u00f1a de cerca, incluso lo pueden tocar. Es por eso que a mayor n\u00famero de alumnos por cada grupo, m\u00e1s tiempo se tarda para que todos y todas tengan la oportunidad de verlo de cerca y experimentar la sensaci\u00f3n de tenerlos entre sus manos.\t\t<\/div>\r\n\t<\/section>\r\n<\/div>\r\n\r\n<div class=\"faq visita post-26 type-faq status-publish hentry faq_cat-visita\">\r\n\t<section class=\"toggle\">\r\n\t\t<label>Tarifas para alumnado y profesorado<\/label>\r\n\t\t<div class=\"toggle-content\">\r\n\t\t<h3 class=\"entry-title\" style=\"display: none;\">Tarifas para alumnado y profesorado<\/h3><span class=\"vcard\" style=\"display: none;\"><span class=\"fn\"><a href=\"https:\/\/hontzamuseoa.eus\/es\/author\/hontza-bqn\/\" title=\"Entradas de Hontza-Bqn\" rel=\"author\">Hontza-Bqn<\/a><\/span><\/span><span class=\"updated\" style=\"display:none\">2023-12-21T10:18:38+00:00<\/span><ul>\r\n \t<li>Los precios para el servicio de visita guiada son 3\u20ac\/ alumno, de infantil a 6\u00ba de Primaria.<\/li>\r\n \t<li>4\u20ac\/alumno para Secundaria, Bachiller y Universidad.<\/li>\r\n \t<li>Para grupos especiales como tiempo libre, asociaciones, AMPA, etc. consultar precios.<\/li>\r\n \t<li>Para profesorado y monitores, acompa\u00f1antes del alumnado, la entrada es gratuita.<\/li>\r\n<\/ul>\t\t<\/div>\r\n\t<\/section>\r\n<\/div>\r\n\t\t<\/div>\r\n\r\n\t\t\r\n\t<\/div>\r\n\r\n\t\r\n\t<\/div>[\/vc_column][\/vc_row][vc_row wrap_container=\u00bbyes\u00bb css=\u00bb.vc_custom_1584951110602{padding-top: 70px !important;padding-bottom: 70px !important;background-color: #f7f7f7 !important;}\u00bb][vc_column][vc_cta h2=\u00bbM\u00e1s de <b>47.000 especies<\/b> te esperan en Hontza Museoa\u00bb txt_align=\u00bbcenter\u00bb shape=\u00bbsquare\u00bb style=\u00bbflat\u00bb color=\u00bbwhite\u00bb add_button=\u00bbright\u00bb btn_title=\u00bbContacta y Reserva d\u00eda\u00bb btn_style=\u00bbmodern\u00bb btn_color=\u00bbprimary\u00bb btn_size=\u00bblg\u00bb btn_align=\u00bbcenter\u00bb btn_skin=\u00bbprimary\u00bb btn_show_arrow=\u00bbyes\u00bb btn_el_class=\u00bbbtn-call-to-action\u00bb css=\u00bb.vc_custom_1703152791508{background-color: #f7f7f7 !important;}\u00bb el_class=\u00bbmb-0&#8243; btn_link=\u00bburl:https%3A%2F%2Fhontzamuseoa.eus%2Fes%2Fcontacto%2F|||\u00bb]El primer museo oficial de Ciencias Naturales de Bizkaia abierto al p\u00fablico. \u00a1Te esperamos![\/vc_cta]<div id=\"porto-carousel-210052608069dfee1acf181\" class=\"porto-carousel-wrapper\" data-gutter=\"10\" data-rtl=\"false\" ><div class=\"porto-ultimate-carousel porto-carousel-82231943169dfee1acf159 \" >[vc_images_carousel images=\u00bb15754&#8243;][vc_images_carousel images=\u00bb15493&#8243;][vc_images_carousel images=\u00bb15329&#8243;][vc_images_carousel images=\u00bb15468&#8243;][vc_images_carousel images=\u00bb16060&#8243;][vc_images_carousel images=\u00bb16057&#8243;][vc_images_carousel images=\u00bb16066&#8243;][vc_images_carousel images=\u00bb15564&#8243;][vc_images_carousel images=\u00bb15758&#8243;]<\/div><\/div><script type=\"text\/javascript\" id=\"ultimate-carousel\">\r\n\t(function(){\r\n\t\tvar porto_inc_slick_js = function() {\r\n\t\t\t( function( $ ) {\r\n\t\t\t\tif ( $.fn.slick ) {\r\n\t\t\t\t\t$('.porto-carousel-82231943169dfee1acf159').slick({dots: false,autoplay: true,autoplaySpeed: 3000,speed: 300,infinite: true,arrows: true,nextArrow: '<button type=\"button\" role=\"button\" aria-label=\"Next\" style=\"color:#333333; font-size:20px;\" class=\"slick-next default\"><i class=\"fas fa-chevron-right\"><\/i><\/button>',prevArrow: '<button type=\"button\" role=\"button\" aria-label=\"Previous\" style=\"color:#333333; font-size:20px;\" class=\"slick-prev default\"><i class=\"fas fa-chevron-left\"><\/i><\/button>',slidesToScroll:5,slidesToShow:5,swipe: true,draggable: true,touchMove: true,pauseOnHover: true,responsive: [\r\n\t\t\t\t{\r\n\t\t\t\t  breakpoint: 1025,\r\n\t\t\t\t  settings: {\r\n\t\t\t\t\tslidesToShow: 5,\r\n\t\t\t\t\tslidesToScroll: 5,  \r\n\t\t\t\t  }\r\n\t\t\t\t},\r\n\t\t\t\t{\r\n\t\t\t\t  breakpoint: 769,\r\n\t\t\t\t  settings: {\r\n\t\t\t\t\tslidesToShow: 3,\r\n\t\t\t\t\tslidesToScroll: 3\r\n\t\t\t\t  }\r\n\t\t\t\t},\r\n\t\t\t\t{\r\n\t\t\t\t  breakpoint: 481,\r\n\t\t\t\t  settings: {\r\n\t\t\t\t\tslidesToShow: 2,\r\n\t\t\t\t\tslidesToScroll: 2\r\n\t\t\t\t  }\r\n\t\t\t\t}\r\n\t\t\t],pauseOnDotsHover: true,customPaging: function(slider, i) {\r\n\t   return '<i type=\"button\" style=\"color:#333333;\" class=\"far fa-circle\" data-role=\"none\"><\/i>';\r\n\t},});\r\n\t\t\t\t} else {\r\n\t\t\t\t\t\t\t\t}\r\n\t\t\t} )( jQuery );\r\n\t\t};\r\n\r\n\t\tif ( window.theme && theme.isLoaded ) {\r\n\t\t\tporto_inc_slick_js();\r\n\t\t} else {\r\n\t\t\twindow.addEventListener( 'load', porto_inc_slick_js );\r\n\t\t}\r\n\t})();\r\n<\/script>\r\n[\/vc_column][\/vc_row]<\/p>\n<\/div>","protected":false},"excerpt":{"rendered":"<p>[vc_row wrap_container=\u00bbyes\u00bb css=\u00bb.vc_custom_1543831225971{padding-top: 50px !important;}\u00bb][vc_column][\/vc_column][\/vc_row][vc_row wrap_container=\u00bbyes\u00bb css=\u00bb.vc_custom_1573495464334{padding-bottom: 30px !important;}\u00bb][vc_column width=\u00bb5\/6&#8243; offset=\u00bbvc_col-md-10 vc_col-xs-12&#8243;][vc_column_text el_class=\u00bblead\u00bb]Hontza Museoa es naturaleza en estado puro. Descubre m\u00e1s de 47.000 especies animales de todo el mundo.[\/vc_column_text][\/vc_column][vc_column width=\u00bb1\/6&#8243;][vc_btn title=\u00bbContacta\u00bb style=\u00bbmodern\u00bb skin=\u00bbprimary\u00bb link=\u00bburl:https%3A%2F%2Fhontzamuseoa.eus%2Fes%2Fcontacto%2F|||\u00bb][\/vc_column][\/vc_row][vc_row wrap_container=\u00bbyes\u00bb][vc_column][vc_separator color=\u00bbcustom\u00bb gap=\u00bbtall\u00bb gradient=\u00bbyes\u00bb][vc_row_inner animation_delay=\u00bb100&#8243; el_class=\u00bbalign-items-center\u00bb animation_type=\u00bbfadeInRight\u00bb][vc_column_inner width=\u00bb1\/2&#8243;][vc_single_image image=\u00bb16684&#8243; img_size=\u00bbfull\u00bb el_class=\u00bbmt-4&#8243;][\/vc_column_inner][vc_column_inner width=\u00bb1\/2&#8243;][vc_column_text]En Hontza Museoa queremos que tu visita sea una visita [&hellip;]<\/p>\n","protected":false},"author":1,"featured_media":0,"parent":0,"menu_order":0,"comment_status":"closed","ping_status":"closed","template":"","meta":{"footnotes":""},"class_list":["post-67","page","type-page","status-publish","hentry"],"_links":{"self":[{"href":"https:\/\/hontzamuseoa.eus\/es\/wp-json\/wp\/v2\/pages\/67"}],"collection":[{"href":"https:\/\/hontzamuseoa.eus\/es\/wp-json\/wp\/v2\/pages"}],"about":[{"href":"https:\/\/hontzamuseoa.eus\/es\/wp-json\/wp\/v2\/types\/page"}],"author":[{"embeddable":true,"href":"https:\/\/hontzamuseoa.eus\/es\/wp-json\/wp\/v2\/users\/1"}],"replies":[{"embeddable":true,"href":"https:\/\/hontzamuseoa.eus\/es\/wp-json\/wp\/v2\/comments?post=67"}],"version-history":[{"count":0,"href":"https:\/\/hontzamuseoa.eus\/es\/wp-json\/wp\/v2\/pages\/67\/revisions"}],"wp:attachment":[{"href":"https:\/\/hontzamuseoa.eus\/es\/wp-json\/wp\/v2\/media?parent=67"}],"curies":[{"name":"wp","href":"https:\/\/api.w.org\/{rel}","templated":true}]}}