{"id":655,"date":"2019-10-05T02:27:14","date_gmt":"2019-10-05T02:27:14","guid":{"rendered":"http:\/\/sw-themes.com\/porto_dummy\/?page_id=559"},"modified":"2025-08-07T09:25:31","modified_gmt":"2025-08-07T09:25:31","slug":"horarios-y-precios","status":"publish","type":"page","link":"https:\/\/hontzamuseoa.eus\/es\/horarios-y-precios\/","title":{"rendered":"Precios y Horarios"},"content":{"rendered":"<div class=\"wpb-content-wrapper\"><p>[vc_row][vc_column][vc_row_inner][vc_column_inner width=\u00bb5\/6&#8243;][vc_custom_heading text=\u00bbVisita el Museo\u00bb use_theme_fonts=\u00bbyes\u00bb el_class=\u00bbshorter\u00bb][vc_column_text]<span style=\"font-size: 18px;\">El <strong>museo est\u00e1 abierto a todo el p\u00fablico<\/strong>. Si deseas visitarlo en horarios en los que permanece cerrado contacta con nosotros y gustosamente abriremos las puertas, tanto para grupos como para entradas individuales.<\/span><\/p>\n<p><span style=\"font-size: 18px;\"><em><strong>\u00a1\u00a1Te estamos esperando!!<\/strong><\/em><\/span>[\/vc_column_text]<div class=\"porto-sicon-box  wpb_custom_1efe903570d178ff0a9b7bfa5febd3a4 style_2 default-icon flex-wrap\"><div class=\"porto-sicon-default\"><div class=\"porto-just-icon-wrapper porto-icon none\" style=\"color:#ff5900;font-size:32px;\"><i class=\"fas fa-users\"><\/i><\/div><\/div><div class=\"porto-sicon-header\"><h3 class=\"porto-sicon-title\" style=\"\">VISITAS GUIADAS<\/h3><\/div> <!-- header --><div class=\"porto-sicon-description\" style=\"\"><strong>Hemos reanudado las visitas guiadas. Contacta con el museo para reservar d\u00eda y hora.<\/strong><\/div> <!-- description --><\/div><!-- porto-sicon-box -->[\/vc_column_inner][vc_column_inner width=\u00bb1\/6&#8243;][vc_empty_space height=\u00bb36px\u00bb][vc_btn title=\u00bbContacta\u00bb style=\u00bbmodern\u00bb skin=\u00bbprimary\u00bb link=\u00bburl:https%3A%2F%2Fhontzamuseoa.eus%2Fes%2Fcontacto%2F|||\u00bb][\/vc_column_inner][\/vc_row_inner][\/vc_column][\/vc_row][vc_row disable_element=\u00bbyes\u00bb][vc_column][vc_row_inner][vc_column_inner width=\u00bb5\/6&#8243;][vc_custom_heading text=\u00bb<strong>\u00bfQuieres Visitar<\/strong> el Museo?\u00bb use_theme_fonts=\u00bbyes\u00bb el_class=\u00bbshorter\u00bb][vc_column_text]<span style=\"font-size: 18px;\">Debido a las circunstancias actuales <strong>el museo est\u00e1 cerrado temporalmente<\/strong>, no obstante <span style=\"color: #105406;\"><strong>puede ser visitado por las personas del municipio<\/strong> <\/span>y aquellas que cumplen con la normativa impuesta por el R.D.926\/2020 que limita la movilidad. Contacta con nosotros y <a href=\"https:\/\/hontzamuseoa.eus\/es\/contacto\/\"><strong>RESERVA D\u00cdA Y HORA<\/strong><\/a> y abriremos el museo para ti.<\/span><\/p>\n<p><span style=\"font-size: 18px;\"><em><strong>\u00a1\u00a1Te estamos esperando!!<\/strong><\/em><\/span>[\/vc_column_text][\/vc_column_inner][vc_column_inner width=\u00bb1\/6&#8243;][vc_empty_space height=\u00bb36px\u00bb][vc_btn title=\u00bbContacta\u00bb style=\u00bbmodern\u00bb skin=\u00bbprimary\u00bb link=\u00bburl:https%3A%2F%2Fhontzamuseoa.eus%2Fes%2Fcontacto%2F|||\u00bb][\/vc_column_inner][\/vc_row_inner][\/vc_column][\/vc_row][vc_row][vc_column][vc_separator color=\u00bbcustom\u00bb css=\u00bb.vc_custom_1632995799286{margin-bottom: 30px !important;}\u00bb accent_color=\u00bbrgba(0,0,0,0.08)\u00bb][\/vc_column][\/vc_row][vc_row wrap_container=\u00bbyes\u00bb][vc_column width=\u00bb1\/2&#8243;][vc_row_inner animation_delay=\u00bb200&#8243;][vc_column_inner]<div class=\"porto-sicon-box mb-4  wpb_custom_1efe903570d178ff0a9b7bfa5febd3a4 style_1 left-icon\"><div class=\"porto-sicon-left\"><div class=\"porto-just-icon-wrapper porto-sicon-img  porto-icon-9f5d1cfb45d27d96b50bf473aebba227\" style=\"font-size: 200px;\"><img loading=\"lazy\" decoding=\"async\" class=\"img-icon\" alt=\"\" src=\"https:\/\/hontzamuseoa.eus\/wp-content\/uploads\/2019\/11\/verano.jpg\" width=\"300\" height=\"225\" \/><\/div><\/div><div class=\"porto-sicon-body\"><div class=\"porto-sicon-header\"><h3 class=\"porto-sicon-title\" style=\"font-weight:600;font-size:25px;line-height:25px;\">Horario de Verano<\/h3><p>Del 1 de abril al 30 de septiembre<\/p><\/div> <!-- header --><div class=\"porto-sicon-description\" style=\"font-family:&#039;Montserrat&#039;;\"><strong>De martes a s\u00e1bado:<\/strong> 11:00-13:00 | 17:00-19:00<br \/>\n<strong>Domingos y Festivos:<\/strong> 11:00-13:00 | 17:00-19:00<br \/>\n<strong>Lunes NO festivos,<\/strong> CERRADO<\/div> <!-- description --><\/div><\/div><!-- porto-sicon-box -->[\/vc_column_inner][\/vc_row_inner][\/vc_column][vc_column width=\u00bb1\/2&#8243; conditional_render=\u00bb%5B%7B%22value_role%22%3A%22administrator%22%7D%5D\u00bb][vc_row_inner][vc_column_inner]<div class=\"porto-sicon-box mb-4  wpb_custom_1efe903570d178ff0a9b7bfa5febd3a4 style_1 left-icon\"><div class=\"porto-sicon-left\"><div class=\"porto-just-icon-wrapper porto-sicon-img  porto-icon-d751713988987e9331980363e24189ce\" style=\"font-size: 200px;\"><img loading=\"lazy\" decoding=\"async\" class=\"img-icon\" alt=\"\" src=\"https:\/\/hontzamuseoa.eus\/wp-content\/uploads\/2019\/11\/horario-invierno.jpg\" width=\"450\" height=\"300\" \/><\/div><\/div><div class=\"porto-sicon-body\"><div class=\"porto-sicon-header\"><h3 class=\"porto-sicon-title\" style=\"font-weight:600;font-size:25px;line-height:25px;\">Horario de Invierno<\/h3><p>Del 1 de octubre al 31 de marzo<\/p><\/div> <!-- header --><div class=\"porto-sicon-description\" style=\"font-family:&#039;Montserrat&#039;;\"><strong>De martes a s\u00e1bado<\/strong>: 11:00-13:00 | 17:00-19:00<br \/>\n<strong>Domingos<\/strong>: 11:00-13:00<br \/>\n<strong>Festivos<\/strong>: 11:00-13:00 | 17:00-19:00<br \/>\n<strong>Lunes NO festivos,<\/strong> CERRADO<br \/>\n*25 de diciembre y 1 de enero: CERRADO<\/div> <!-- description --><\/div><\/div><!-- porto-sicon-box -->[\/vc_column_inner][\/vc_row_inner][\/vc_column][\/vc_row][vc_row full_width=\u00bbstretch_row\u00bb disable_element=\u00bbyes\u00bb css=\u00bb.vc_custom_1666088932866{margin-top: 50px !important;background-color: #f4f4f4 !important;}\u00bb][vc_column][vc_row_inner css=\u00bb.vc_custom_1599569971707{padding-top: 50px !important;padding-bottom: 20px !important;}\u00bb][vc_column_inner][vc_column_text]<\/p>\n<h3>MEDIDAS DE SEGURIDAD ESTABLECIDAS A CAUSA DEL COVID-19<\/h3>\n<ul>\n<li>Utilizaci\u00f3n de mascarilla<\/li>\n<li>Distancia m\u00ednima entre personas no familiares: 2 metros<\/li>\n<\/ul>\n<p>[\/vc_column_text][\/vc_column_inner][\/vc_row_inner][\/vc_column][\/vc_row][vc_row css=\u00bb.vc_custom_1590739316201{padding-top: 30px !important;}\u00bb][vc_column][vc_custom_heading text=\u00bbEntradas <strong>Escuelas<\/strong> y P\u00fablico General\u00bb font_container=\u00bbtag:h4|text_align:left\u00bb use_theme_fonts=\u00bbyes\u00bb][vc_empty_space height=\u00bb16px\u00bb]<div class=\"porto-price-boxes pricing-table  pricing-table-sm\"><div class=\"row\"><div class=\" col-lg-2 col-md-4\"><div class=\"porto-price-box plan   wpb_custom_66b8d1ac21af7585ef8d4c4e31e4d6ea most-popular plan-tertiary plan-btn-top\"><div class=\"plan-ribbon-wrapper\"><div class=\"plan-ribbon\">por alumn@<\/div><\/div><h3><strong>ESO<\/strong><em class=\"desc\">Most Popular<\/em><span class=\"plan-price\"><span class=\"price\">4\u20ac<\/span><\/span><\/h3><p>Grupos Secundaria<br \/>\nProfesores gratis<\/p>\n<\/div><\/div><div class=\" col-lg-2 col-md-4\"><div class=\"porto-price-box plan   wpb_custom_66b8d1ac21af7585ef8d4c4e31e4d6ea most-popular plan-tertiary plan-btn-top\"><div class=\"plan-ribbon-wrapper\"><div class=\"plan-ribbon\">por alumn@<\/div><\/div><h3><strong>PRIMARIA<\/strong><em class=\"desc\">Most Popular<\/em><span class=\"plan-price\"><span class=\"price\">3\u20ac<\/span><\/span><\/h3><p>Grupos de Primaria<br \/>\nProfesores gratis<\/p>\n<\/div><\/div><div class=\" col-lg-2 col-md-4\"><div class=\"porto-price-box plan   wpb_custom_66b8d1ac21af7585ef8d4c4e31e4d6ea most-popular plan-custom plan-btn-top\"><div class=\"plan-ribbon-wrapper\"><div class=\"plan-ribbon\">Popular<\/div><\/div><h3><strong>GRATUITA<\/strong><em class=\"desc\">Most Popular<\/em><span class=\"plan-price\"><span class=\"price\">gratis<\/span><\/span><\/h3><p>Menores de 12 a\u00f1os*<br \/>\nMiembros del ICOM<\/p>\n<\/div><\/div><div class=\" col-lg-2 col-md-4\"><div class=\"porto-price-box plan   wpb_custom_66b8d1ac21af7585ef8d4c4e31e4d6ea plan-custom plan-btn-top\"><h3><strong>GENERAL<\/strong><em class=\"desc\">Entrada<\/em><span class=\"plan-price\"><span class=\"price\">5\u20ac<\/span><\/span><\/h3><p>A partir de 15 a\u00f1os<\/p>\n<\/div><\/div><div class=\" col-lg-2 col-md-4\"><div class=\"porto-price-box plan   wpb_custom_66b8d1ac21af7585ef8d4c4e31e4d6ea plan-custom plan-btn-top\"><h3><strong>REDUCIDA<\/strong><em class=\"desc\">Con acreditaci\u00f3n<\/em><span class=\"plan-price\"><span class=\"price\">3\u20ac<\/span><\/span><\/h3><p><strong>Ver colectivos*<\/strong><\/p>\n<\/div><\/div><\/div><\/div>[vc_column_text]<\/p>\n<h4><strong>*COLECTIVOS ENTRADA REDUCIDA:<\/strong> J\u00f3venes de 12 a 15 a\u00f1os, jubilados y pensionistas, estudiantes, personas en desempleo, empleados museos Euskalherria.<\/h4>\n<h3><strong>Recuerda que&#8230;<\/strong><\/h3>\n<ul>\n<li>Los menores de 12 a\u00f1os ir\u00e1n acompa\u00f1ados de 1 adulto.<\/li>\n<li>Los grupos son de un m\u00e1ximo de 25 personas por visita.<\/li>\n<li>Te ofreceremos una alternativa tur\u00edstica para realizar durante la espera.<\/li>\n<li>Las instalaciones de Hontza Museoa son accesibles.<\/li>\n<li>El horario de taquilla finalizar\u00e1 30\u2019 antes del horario de cierre.<\/li>\n<\/ul>\n<p>[\/vc_column_text][\/vc_column][\/vc_row]<\/p>\n<\/div>","protected":false},"excerpt":{"rendered":"<p>[vc_row][vc_column][vc_row_inner][vc_column_inner width=\u00bb5\/6&#8243;][vc_custom_heading text=\u00bbVisita el Museo\u00bb use_theme_fonts=\u00bbyes\u00bb el_class=\u00bbshorter\u00bb][vc_column_text]El museo est\u00e1 abierto a todo el p\u00fablico. Si deseas visitarlo en horarios en los que permanece cerrado contacta con nosotros y gustosamente abriremos las puertas, tanto para grupos como para entradas individuales. \u00a1\u00a1Te estamos esperando!![\/vc_column_text][\/vc_column_inner][vc_column_inner width=\u00bb1\/6&#8243;][vc_empty_space height=\u00bb36px\u00bb][vc_btn title=\u00bbContacta\u00bb style=\u00bbmodern\u00bb skin=\u00bbprimary\u00bb link=\u00bburl:https%3A%2F%2Fhontzamuseoa.eus%2Fes%2Fcontacto%2F|||\u00bb][\/vc_column_inner][\/vc_row_inner][\/vc_column][\/vc_row][vc_row disable_element=\u00bbyes\u00bb][vc_column][vc_row_inner][vc_column_inner width=\u00bb5\/6&#8243;][vc_custom_heading text=\u00bb\u00bfQuieres Visitar el Museo?\u00bb use_theme_fonts=\u00bbyes\u00bb [&hellip;]<\/p>\n","protected":false},"author":1,"featured_media":0,"parent":0,"menu_order":0,"comment_status":"closed","ping_status":"closed","template":"","meta":{"footnotes":""},"class_list":["post-655","page","type-page","status-publish","hentry"],"_links":{"self":[{"href":"https:\/\/hontzamuseoa.eus\/es\/wp-json\/wp\/v2\/pages\/655"}],"collection":[{"href":"https:\/\/hontzamuseoa.eus\/es\/wp-json\/wp\/v2\/pages"}],"about":[{"href":"https:\/\/hontzamuseoa.eus\/es\/wp-json\/wp\/v2\/types\/page"}],"author":[{"embeddable":true,"href":"https:\/\/hontzamuseoa.eus\/es\/wp-json\/wp\/v2\/users\/1"}],"replies":[{"embeddable":true,"href":"https:\/\/hontzamuseoa.eus\/es\/wp-json\/wp\/v2\/comments?post=655"}],"version-history":[{"count":2,"href":"https:\/\/hontzamuseoa.eus\/es\/wp-json\/wp\/v2\/pages\/655\/revisions"}],"predecessor-version":[{"id":17241,"href":"https:\/\/hontzamuseoa.eus\/es\/wp-json\/wp\/v2\/pages\/655\/revisions\/17241"}],"wp:attachment":[{"href":"https:\/\/hontzamuseoa.eus\/es\/wp-json\/wp\/v2\/media?parent=655"}],"curies":[{"name":"wp","href":"https:\/\/api.w.org\/{rel}","templated":true}]}}