{"id":60,"date":"2016-06-14T01:43:48","date_gmt":"2016-06-14T01:43:48","guid":{"rendered":"http:\/\/sw-themes.com\/porto_dummy\/?page_id=60"},"modified":"2023-02-27T13:20:14","modified_gmt":"2023-02-27T13:20:14","slug":"el-museo","status":"publish","type":"page","link":"https:\/\/hontzamuseoa.eus\/es\/el-museo\/","title":{"rendered":"El Museo"},"content":{"rendered":"<div class=\"wpb-content-wrapper\"><p>[vc_row is_section=\u00bbyes\u00bb section_skin=\u00bbparallax\u00bb remove_margin_top=\u00bbyes\u00bb remove_margin_bottom=\u00bbyes\u00bb remove_border=\u00bbyes\u00bb][vc_column width=\u00bb7\/12&#8243;][vc_row_inner el_class=\u00bboverflow-hidden\u00bb][vc_column_inner]<div class=\"porto-u-heading  wpb_custom_95aa9a11c17ad45cfabaf210d84ee7cc porto-u-ad87e2eaf3f9c495180fe0156ddf3eb0 \" data-appear-animation=\"maskUp\" data-appear-animation-delay=\"300\"><div class=\"porto-u-main-heading\"><h2   style=\"font-weight:700;font-size:32px;\">Fundaci\u00f3n Hontza Museoa<\/h2><\/div><div class=\"porto-u-sub-heading\" style=\"font-weight:700;color: #0088cc;font-size:14px;\">\n<p class=\"text-uppercase\">un sue\u00f1o hecho realidad<\/p>\n<p><\/div><style>.porto-u-ad87e2eaf3f9c495180fe0156ddf3eb0.porto-u-heading{text-align:left}<\/style><\/div>[\/vc_column_inner][\/vc_row_inner][vc_column_text css_animation=\u00bbfadeInUp\u00bb]<\/p>\n<p class=\"lead\">La Fundaci\u00f3n Hontza Museoa, entidad sin \u00e1nimo de lucro, surge ante la necesidad de crear una organizaci\u00f3n que se relacione, de una forma m\u00e1s formal, con las Instituciones, organismos varios y museos y colegas de todo el mundo, a ra\u00edz de la reubicaci\u00f3n del Hontza Museoa en su nueva sede expositiva.<\/p>\n<p>En noviembre de 2014, y tras casi 30 a\u00f1os de intenso trabajo y superaci\u00f3n de retos, el museo logr\u00f3 abrir sus puertas, de nuevo, en Ma\u00f1aria, convirti\u00e9ndose as\u00ed en el primer museo de ciencias naturales de Bizkaia, abierto al p\u00fablico. La gesti\u00f3n y direcci\u00f3n del museo se realiza a trav\u00e9s de la fundaci\u00f3n, y su equipo directivo est\u00e1 formado por Enrike Huerta, presidente y fundador, Leire Huerta, Directora del museo, e Igor Notario, tesorero y jefe de exposiciones, y 2 vocales.[\/vc_column_text][vc_separator color=\u00bbcustom\u00bb css_animation=\u00bbfadeInUp\u00bb style=\u00bbsolid\u00bb gap=\u00bbtall\u00bb accent_color=\u00bbrgba(0,0,0,0.06)\u00bb][vc_row_inner animation_delay=\u00bb500&#8243; animation_type=\u00bbfadeInUp\u00bb][vc_column_inner offset=\u00bbvc_col-md-6&#8243;][vc_btn title=\u00bbContacta con nosotros\u00bb style=\u00bbmodern\u00bb skin=\u00bbprimary\u00bb link=\u00bburl:https%3A%2F%2Fhontzamuseoa.eus%2Fes%2Fcontacto%2F|||\u00bb][\/vc_column_inner][vc_column_inner el_class=\u00bbtext-lg-right\u00bb offset=\u00bbvc_col-md-6&#8243;][vc_column_text el_class=\u00bbmb-0 inline-block\u00bb]<strong class=\"text-uppercase font-size-xs mr-3 text-dark\">S\u00cdGUENOS EN LAS REDES<\/strong>[\/vc_column_text]<div class=\"porto-u-icons inline-block\"><a class=\"porto-icon fab fa-facebook-f circle box-shadow-gray\"  style=\"color:#212529;font-size:14px;margin-right:3px;\" href=\"#\"><\/a><a class=\"porto-icon fab fa-twitter circle box-shadow-gray\"  style=\"color:#212529;font-size:14px;margin-right:3px;\" href=\"#\"><\/a><\/div>[\/vc_column_inner][\/vc_row_inner][\/vc_column][vc_column width=\u00bb5\/12&#8243; el_class=\u00bborder-md-2&#8243;][vc_single_image image=\u00bb15307&#8243; img_size=\u00bbfull\u00bb animation_delay=\u00bb100&#8243; animation_type=\u00bbfadeInRight\u00bb el_class=\u00bbmb-4&#8243;][\/vc_column][\/vc_row][vc_row full_width=\u00bbstretch_row\u00bb css=\u00bb.vc_custom_1568634825579{padding-top: 60px !important;background-color: #f4f4f4 !important;}\u00bb el_id=\u00bbequipodirectivo\u00bb][vc_column]<div class=\"porto-recent-members wpb_content_element wpb_custom_8bf5d5ad33a528d2752f9dcd0394b1f9\">\r\n\t\r\n\t\r\n\t<div class=\"member-carousel porto-carousel owl-carousel  nav-center-images-only  nav-style-1 stage-margin has-ccols ccols-1 ccols-lg-3 ccols-md-2 ccols-sm-2 has-ccols-spacing\" data-plugin-options=\"{&quot;themeConfig&quot;:true,&quot;stagePadding&quot;:40,&quot;nav&quot;:&quot;yes&quot;,&quot;dots&quot;:false,&quot;lg&quot;:3,&quot;md&quot;:2,&quot;sm&quot;:2,&quot;xs&quot;:1,&quot;margin&quot;:30}\">\r\n\t\t<div class=\"member-slide\">\r\n\t<div class=\"member-item  member-item-4\">\r\n\t\t\t\t<div class=\"thumb-info thumb-info-hide-wrapper-bg thumb-info-no-zoom\">\r\n\r\n\t\t\t\t<div class=\"thumb-info-wrapper \">\r\n\t\t\t\t\t<div class=\"thumb-member-container\">\r\n\t\t\t\t\t\t<a class=\"text-decoration-none member-image\" href=\"https:\/\/hontzamuseoa.eus\/es\/member\/enrike-huerta\/\">\r\n\t\t\t\t\t\t\t<img loading=\"lazy\" decoding=\"async\" class=\"img-responsive\" width=\"367\" height=\"367\" src=\"https:\/\/hontzamuseoa.eus\/wp-content\/uploads\/2016\/06\/Enrike-laboratorio-367x367.jpg\" alt=\"\" \/>\r\n\t\t\t\t\t\t<\/a>\r\n\t\t\t\t\t\t\t\t\t\t\t<\/div>\r\n\t\t\t\t\t<a aria-label=\"Go to the single member\" class=\"text-decoration-none member-info-container\" href=\"https:\/\/hontzamuseoa.eus\/es\/member\/enrike-huerta\/\">\r\n\t\t\t\t\t\t\t\t\t\t\t\t\t\t\t\t<span class=\"zoom\" data-src=\"https:\/\/hontzamuseoa.eus\/wp-content\/uploads\/2016\/06\/Enrike-laboratorio.jpg\" data-title=\"\"><i class=\"fas fa-search\"><\/i><\/span>\r\n\t\t\t\t\t\t\t\t\t\t<\/a>\r\n\t\t\t\t<\/div> <!--Thumb info wrapper end-->\r\n\t\t\t\t<a class=\"text-decoration-none member-info-container\" href=\"https:\/\/hontzamuseoa.eus\/es\/member\/enrike-huerta\/\">\r\n\t\t\t\t\t\t\t<h4 class=\"member-name m-t-md m-b-none\">Enrike Huerta<\/h4>\r\n\t\t\t\t\t\t\t\t\t<p class=\"member-role m-b-sm color-body\">Presidente y Fundador<\/p>\r\n\t\t\t\t\t\t\t\t\t\t\t\t\t<\/a><!-- Global link end -->\r\n\r\n\t\t\t\t<\/div>\r\n\t<\/div>\r\n\t<\/div><div class=\"member-slide\">\r\n\t<div class=\"member-item  member-item-4\">\r\n\t\t\t\t<div class=\"thumb-info thumb-info-hide-wrapper-bg thumb-info-no-zoom\">\r\n\r\n\t\t\t\t<div class=\"thumb-info-wrapper \">\r\n\t\t\t\t\t<div class=\"thumb-member-container\">\r\n\t\t\t\t\t\t<a class=\"text-decoration-none member-image\" href=\"https:\/\/hontzamuseoa.eus\/es\/member\/leire-huerta\/\">\r\n\t\t\t\t\t\t\t<img loading=\"lazy\" decoding=\"async\" class=\"img-responsive\" width=\"367\" height=\"367\" src=\"https:\/\/hontzamuseoa.eus\/wp-content\/uploads\/2016\/06\/Leire-Huerta-367x367.jpg\" alt=\"\" \/>\r\n\t\t\t\t\t\t<\/a>\r\n\t\t\t\t\t\t\t\t\t\t\t<\/div>\r\n\t\t\t\t\t<a aria-label=\"Go to the single member\" class=\"text-decoration-none member-info-container\" href=\"https:\/\/hontzamuseoa.eus\/es\/member\/leire-huerta\/\">\r\n\t\t\t\t\t\t\t\t\t\t\t\t\t\t\t\t<span class=\"zoom\" data-src=\"https:\/\/hontzamuseoa.eus\/wp-content\/uploads\/2016\/06\/Leire-Huerta.jpg\" data-title=\"\"><i class=\"fas fa-search\"><\/i><\/span>\r\n\t\t\t\t\t\t\t\t\t\t<\/a>\r\n\t\t\t\t<\/div> <!--Thumb info wrapper end-->\r\n\t\t\t\t<a class=\"text-decoration-none member-info-container\" href=\"https:\/\/hontzamuseoa.eus\/es\/member\/leire-huerta\/\">\r\n\t\t\t\t\t\t\t<h4 class=\"member-name m-t-md m-b-none\">Leire Huerta<\/h4>\r\n\t\t\t\t\t\t\t\t\t<p class=\"member-role m-b-sm color-body\">Directora del museo y Profesora<\/p>\r\n\t\t\t\t\t\t\t\t\t\t\t\t\t<\/a><!-- Global link end -->\r\n\r\n\t\t\t\t<\/div>\r\n\t<\/div>\r\n\t<\/div><div class=\"member-slide\">\r\n\t<div class=\"member-item  member-item-4\">\r\n\t\t\t\t<div class=\"thumb-info thumb-info-hide-wrapper-bg thumb-info-no-zoom\">\r\n\r\n\t\t\t\t<div class=\"thumb-info-wrapper \">\r\n\t\t\t\t\t<div class=\"thumb-member-container\">\r\n\t\t\t\t\t\t<a class=\"text-decoration-none member-image\" href=\"https:\/\/hontzamuseoa.eus\/es\/member\/igor-notario\/\">\r\n\t\t\t\t\t\t\t<img loading=\"lazy\" decoding=\"async\" class=\"img-responsive\" width=\"367\" height=\"367\" src=\"https:\/\/hontzamuseoa.eus\/wp-content\/uploads\/2016\/06\/Igor-Notario-367x367.jpg\" alt=\"\" \/>\r\n\t\t\t\t\t\t<\/a>\r\n\t\t\t\t\t\t\t\t\t\t\t<\/div>\r\n\t\t\t\t\t<a aria-label=\"Go to the single member\" class=\"text-decoration-none member-info-container\" href=\"https:\/\/hontzamuseoa.eus\/es\/member\/igor-notario\/\">\r\n\t\t\t\t\t\t\t\t\t\t\t\t\t\t\t\t<span class=\"zoom\" data-src=\"https:\/\/hontzamuseoa.eus\/wp-content\/uploads\/2016\/06\/Igor-Notario.jpg\" data-title=\"\"><i class=\"fas fa-search\"><\/i><\/span>\r\n\t\t\t\t\t\t\t\t\t\t<\/a>\r\n\t\t\t\t<\/div> <!--Thumb info wrapper end-->\r\n\t\t\t\t<a class=\"text-decoration-none member-info-container\" href=\"https:\/\/hontzamuseoa.eus\/es\/member\/igor-notario\/\">\r\n\t\t\t\t\t\t\t<h4 class=\"member-name m-t-md m-b-none\">Igor Notario<\/h4>\r\n\t\t\t\t\t\t\t\t\t<p class=\"member-role m-b-sm color-body\">Tesorero y Relaciones P\u00fablicas<\/p>\r\n\t\t\t\t\t\t\t\t\t\t\t\t\t<\/a><!-- Global link end -->\r\n\r\n\t\t\t\t<\/div>\r\n\t<\/div>\r\n\t<\/div>\t<\/div>\r\n\r\n\t\r\n\t<\/div>[\/vc_column][\/vc_row][vc_row el_class=\u00bbpt-5&#8243; el_id=\u00bbdonantes\u00bb css=\u00bb.vc_custom_1580147209359{margin-top: -50px !important;margin-bottom: 40px !important;}\u00bb][vc_column width=\u00bb5\/6&#8243;][vc_custom_heading text=\u00bb<b>Donantes<\/b> y amig@s del museo\u00bb font_container=\u00bbtag:h2|font_size:25|text_align:left\u00bb use_theme_fonts=\u00bbyes\u00bb css_animation=\u00bbfadeInUp\u00bb el_class=\u00bbm-b-none\u00bb][vc_column_text css_animation=\u00bbfadeInUp\u00bb el_class=\u00bbm-b\u00bb]<\/p>\n<p class=\"lead\">Queremos agradecer a todos nuestros donantes, antiguos y futuros, la aportaci\u00f3n de sus ejemplares, pocos o muchos, haciendo de esta manera que el museo sea cada d\u00eda m\u00e1s importante.<\/p>\n<p>Nosotros nos ocupamos de conservar dicho patrimonio para futuras generaciones, d\u00e1ndole una utilidad cultural y pedag\u00f3gica, adem\u00e1s de cient\u00edfica.[\/vc_column_text][\/vc_column][vc_column width=\u00bb1\/6&#8243;][vc_empty_space height=\u00bb42px\u00bb][vc_btn title=\u00bbQuiero realizar una donaci\u00f3n\u00bb style=\u00bbmodern\u00bb skin=\u00bbprimary\u00bb link=\u00bburl:https%3A%2F%2Fhontzamuseoa.eus%2Fes%2Fcontacto%2F|||\u00bb][\/vc_column][\/vc_row][vc_row full_width=\u00bbstretch_row\u00bb is_section=\u00bbyes\u00bb section_skin=\u00bbparallax\u00bb remove_margin_top=\u00bbyes\u00bb remove_margin_bottom=\u00bbyes\u00bb remove_padding_bottom=\u00bbyes\u00bb remove_border=\u00bbyes\u00bb css=\u00bb.vc_custom_1573929379785{margin-bottom: -35px !important;padding-top: 40px !important;padding-bottom: 40px !important;background-color: #f4f4f4 !important;}\u00bb el_id=\u00bbbiblioteca\u00bb][vc_column width=\u00bb7\/12&#8243;][vc_row_inner el_class=\u00bboverflow-hidden\u00bb][vc_column_inner]<div class=\"porto-u-heading  wpb_custom_95aa9a11c17ad45cfabaf210d84ee7cc porto-u-ad87e2eaf3f9c495180fe0156ddf3eb0 \" data-appear-animation=\"maskUp\" data-appear-animation-delay=\"300\"><div class=\"porto-u-main-heading\"><h2   style=\"font-weight:700;font-size:32px;\">Biblioteca y Videoteca Especializada<\/h2><\/div><div class=\"porto-u-sub-heading\" style=\"font-weight:700;color: #0088cc;font-size:14px;\">\n<p class=\"text-uppercase\">Fundaci\u00f3n Hontza Museoa<\/p>\n<p><\/div><style>.porto-u-ad87e2eaf3f9c495180fe0156ddf3eb0.porto-u-heading{text-align:left}<\/style><\/div>[\/vc_column_inner][\/vc_row_inner][vc_column_text css_animation=\u00bbfadeInUp\u00bb]<\/p>\n<p class=\"lead\">Disponemos de una biblioteca de 3.000 titulares, entre libros, revistas y art\u00edculos. Ejemplares de Fungi y Bot\u00e1nica, Geolog\u00eda, F\u00f3siles, Paleontolog\u00eda, Insectos, Ar\u00e1cnidos, Por\u00edferos, Cnidarios, Moluscos, Crust\u00e1ceos, Equinodermos, Peces, Reptiles, Anfibios, Aves, Mam\u00edferos, Museograf\u00eda, etc.<\/p>\n<p>Nuestra biblioteca se encuentra a disposici\u00f3n de cuantos deseen realizar consultas, siendo el \u00fanico requisito el de concretar d\u00eda y hora con el museo.<br \/>\nLa videoteca y fonoteca est\u00e1n compuestas por cientos de reportajes de naturaleza y ambientes sonoros de diferentes ecosistemas y zonas de la Tierra.[\/vc_column_text][vc_separator color=\u00bbcustom\u00bb css_animation=\u00bbfadeInUp\u00bb style=\u00bbsolid\u00bb gap=\u00bbtall\u00bb accent_color=\u00bbrgba(0,0,0,0.06)\u00bb][vc_row_inner animation_delay=\u00bb500&#8243; animation_type=\u00bbfadeInUp\u00bb][vc_column_inner offset=\u00bbvc_col-md-6&#8243;][vc_btn title=\u00bbSolicita Cita Previa\u00bb style=\u00bbmodern\u00bb skin=\u00bbprimary\u00bb link=\u00bburl:https%3A%2F%2Fhontzamuseoa.eus%2Fes%2Fcontacto%2F|title:Contacto%20Hontza%20Museo\u00bb][\/vc_column_inner][vc_column_inner el_class=\u00bbtext-lg-right\u00bb offset=\u00bbvc_col-md-6&#8243;][vc_column_text el_class=\u00bbmb-0 inline-block\u00bb]<strong class=\"text-uppercase font-size-xs mr-3 text-dark\">S\u00cdGUENOS EN LAS REDES<\/strong>[\/vc_column_text]<div class=\"porto-u-icons inline-block\"><a class=\"porto-icon fab fa-facebook-f circle box-shadow-gray\"  style=\"color:#212529;font-size:14px;margin-right:3px;\" href=\"#\"><\/a><a class=\"porto-icon fab fa-twitter circle box-shadow-gray\"  style=\"color:#212529;font-size:14px;margin-right:3px;\" href=\"#\"><\/a><\/div>[\/vc_column_inner][\/vc_row_inner][\/vc_column][vc_column width=\u00bb5\/12&#8243; el_class=\u00bborder-md-2&#8243;][vc_single_image image=\u00bb15317&#8243; img_size=\u00bbfull\u00bb animation_delay=\u00bb100&#8243; animation_type=\u00bbfadeInRight\u00bb el_class=\u00bbmb-4&#8243;][\/vc_column][\/vc_row]<\/p>\n<\/div>","protected":false},"excerpt":{"rendered":"<p>[vc_row is_section=\u00bbyes\u00bb section_skin=\u00bbparallax\u00bb remove_margin_top=\u00bbyes\u00bb remove_margin_bottom=\u00bbyes\u00bb remove_border=\u00bbyes\u00bb][vc_column width=\u00bb7\/12&#8243;][vc_row_inner el_class=\u00bboverflow-hidden\u00bb][vc_column_inner][\/vc_column_inner][\/vc_row_inner][vc_column_text css_animation=\u00bbfadeInUp\u00bb] La Fundaci\u00f3n Hontza Museoa, entidad sin \u00e1nimo de lucro, surge ante la necesidad de crear una organizaci\u00f3n que se relacione, de una forma m\u00e1s formal, con las Instituciones, organismos varios y museos y colegas de todo el mundo, a ra\u00edz de la reubicaci\u00f3n del Hontza Museoa [&hellip;]<\/p>\n","protected":false},"author":1,"featured_media":0,"parent":0,"menu_order":0,"comment_status":"closed","ping_status":"closed","template":"","meta":{"footnotes":""},"class_list":["post-60","page","type-page","status-publish","hentry"],"_links":{"self":[{"href":"https:\/\/hontzamuseoa.eus\/es\/wp-json\/wp\/v2\/pages\/60"}],"collection":[{"href":"https:\/\/hontzamuseoa.eus\/es\/wp-json\/wp\/v2\/pages"}],"about":[{"href":"https:\/\/hontzamuseoa.eus\/es\/wp-json\/wp\/v2\/types\/page"}],"author":[{"embeddable":true,"href":"https:\/\/hontzamuseoa.eus\/es\/wp-json\/wp\/v2\/users\/1"}],"replies":[{"embeddable":true,"href":"https:\/\/hontzamuseoa.eus\/es\/wp-json\/wp\/v2\/comments?post=60"}],"version-history":[{"count":0,"href":"https:\/\/hontzamuseoa.eus\/es\/wp-json\/wp\/v2\/pages\/60\/revisions"}],"wp:attachment":[{"href":"https:\/\/hontzamuseoa.eus\/es\/wp-json\/wp\/v2\/media?parent=60"}],"curies":[{"name":"wp","href":"https:\/\/api.w.org\/{rel}","templated":true}]}}