{"id":16610,"date":"2020-04-10T19:42:19","date_gmt":"2020-04-10T19:42:19","guid":{"rendered":"https:\/\/hontzamuseoa.eus\/?page_id=16610"},"modified":"2020-04-24T11:38:22","modified_gmt":"2020-04-24T11:38:22","slug":"politica-de-privacidad","status":"publish","type":"page","link":"https:\/\/hontzamuseoa.eus\/es\/politica-de-privacidad\/","title":{"rendered":"Pol\u00edtica de Privacidad"},"content":{"rendered":"<h3>Pol\u00edtica de Privacidad<\/h3>\n<p>\u201cHontza Museoa Fundazioa\u201d se encuentra profundamente comprometido con el cumplimiento de la normativa espa\u00f1ola y europea de protecci\u00f3n de datos de car\u00e1cter personal, y garantiza el cumplimiento \u00edntegro de las obligaciones dispuestas, as\u00ed como la implementaci\u00f3n de las medidas de seguridad dispuestas en el Reglamento General de Protecci\u00f3n de Datos (RGPD) (UE) 2016\/679 y en Ley Org\u00e1nica 3\/2018, de 5 de diciembre, sobre protecci\u00f3n de datos y derechos digitales (LOPD y GDD, en adelante LOPD).<\/p>\n<p>De conformidad con estas normativas, informamos que la utilizaci\u00f3n de nuestra web puede requerir que se faciliten ciertos datos personales a trav\u00e9s de formularios de contacto, o mediante el env\u00edo de emails, y que \u00e9stos ser\u00e1n objeto de tratamiento por \u201cHontza Museoa Fundazioa\u201d, Responsable del tratamiento, cuyos datos son:<\/p>\n<p>\u2022 Denominaci\u00f3n Social: Hontza Museoa Fundazioa<br \/>\n\u2022 CIF \/ NIF \/ NIE: G95797213<br \/>\n\u2022 Domicilio Social: Ebaristo Bustinza Kiriki\u00f1o, 18. 48212, Ma\u00f1aria (Bizkaia)<br \/>\n\u2022 Tel\u00e9fono: 946216555<br \/>\n\u2022 eMail: hontza@hontzamuseoa.eus<\/p>\n<p><strong>Obtenci\u00f3n y Tratamiento de Datos Personales<\/strong><br \/>\nUn dato personal es cualquier informaci\u00f3n relativa a una persona: nombre, email, domicilio, tel\u00e9fono, NIF\/NIE&#8230; Adicionalmente, cuando un Usuario visita nuestro sitio web, determinada informaci\u00f3n se almacena autom\u00e1ticamente por motivos t\u00e9cnicos, como la direcci\u00f3n IP asignada por su proveedor de acceso a Internet.<br \/>\n\u201cHontza Museoa Fundazioa\u201d, como Responsable del Tratamiento, tiene el deber de informar a los Usuarios de su sitio web acerca de la recogida de datos de car\u00e1cter personal que pueden llevarse a cabo, bien sea mediante el env\u00edo de correo electr\u00f3nico o al cumplimentar los formularios incluidos en el sitio web.<br \/>\nSe obtendr\u00e1n \u00fanicamente los datos precisos para poder realizar el servicio contratado, o para poder responder adecuadamente a la petici\u00f3n de informaci\u00f3n realizada por el Usuario. Los datos recabados son identificativos y corresponden a un m\u00ednimo razonable para poder llevar a t\u00e9rmino la actividad realizada. En particular, no se recogen datos especialmente protegidos en ning\u00fan momento. En ning\u00fan caso se realizar\u00e1 un uso diferente de los datos, que la finalidad para los que han sido recabados.<\/p>\n<p><strong>Formularios de contacto\/email<\/strong><br \/>\nFinalidad: Dar contestaci\u00f3n a su solicitud de informaci\u00f3n realizada a trav\u00e9s de nuestro\/s formulario\/s de contacto.<br \/>\nLegitimaci\u00f3n: La base jur\u00eddica que legitima este tratamiento es el consentimiento del Usuario, que podr\u00e1 revocar en cualquier momento.<br \/>\nCesi\u00f3n de datos: Los datos personales ser\u00e1n tratados a trav\u00e9s de servidores gestionados por Ionos, que tendr\u00e1 la consideraci\u00f3n de Encargado del Tratamiento.<br \/>\nMenores de edad<br \/>\nSolo podr\u00e1n usar este sitio web las personas mayores de 14 a\u00f1os. Seg\u00fan obliga la LOPD y GDD, en caso de menores de 14 a\u00f1os, ser\u00e1 condici\u00f3n obligatoria el consentimiento de sus padres o tutores para que podamos tratar sus datos personales.<\/p>\n<p><strong>Medidas de Seguridad<\/strong><br \/>\nSe informa a los Usuarios de la web de \u201cHontza Museoa Fundazioa\u201d de que se han adoptado las medidas de seguridad t\u00e9cnicas, organizativas y de seguridad a nuestro alcance para evitar la p\u00e9rdida, mal uso, alteraci\u00f3n, acceso no autorizado y robo de los datos, y que garantizan as\u00ed la confidencialidad, integridad y calidad de la informaci\u00f3n contenida en las mismas, de acuerdo con lo establecido en la normativa vigente en materia de protecci\u00f3n de datos. Los datos personales que se recogen en los formularios son objeto de tratamiento, \u00fanicamente, por parte del personal de \u201cHontza Museoa Fundazioa\u201d o de los Encargados del Tratamiento designados.<br \/>\nEl Sitio Web de \u201cHontza Museoa Fundazioa\u201d cuenta adem\u00e1s con un cifrado SSL, que permite al Usuario el env\u00edo seguro de sus datos personales a trav\u00e9s de los formularios de contacto del sitio web.<\/p>\n<p><strong>Veracidad de los datos<\/strong><br \/>\nEl Usuario manifiesta que todos los datos facilitados por \u00e9l son ciertos y correctos y se compromete a mantenerlos actualizados. El Usuario responder\u00e1 de la veracidad de sus datos y ser\u00e1 el \u00fanico responsable de cuantos conflictos o litigios pudieran resultar por la falsedad de los mismos. Es importante que, para que podamos mantener los datos personales actualizados, el Usuario informe a \u201cHontza Museoa Fundazioa\u201d siempre que haya habido alguna modificaci\u00f3n en los mismos.<\/p>\n<p><strong>Cesi\u00f3n de datos<\/strong><br \/>\n\u201cHontza Museoa Fundazioa\u201d no ceder\u00e1 ni comunicar\u00e1 a ning\u00fan tercero tus datos, excepto en los casos legalmente previstos o cuando la prestaci\u00f3n de un servicio implique la necesidad de una relaci\u00f3n contractual con un Encargado de Tratamiento. As\u00ed, el Usuario acepta que algunos de los datos personales recabados sean facilitados a estos Encargados del Tratamiento (plataformas de pago, gestor\u00eda, intermediarios, etc.), cuando sea necesario para la efectiva realizaci\u00f3n de un servicio contratado o producto adquirido. El Usuario acepta tambi\u00e9n que, en caso de prestaci\u00f3n de servicios, \u00e9stos puedan ser, total o parcialmente, subcontratados a otras personas o empresas, que tendr\u00e1n la consideraci\u00f3n de Encargados del Tratamiento, con los que se ha convenido el correspondiente contrato de confidencialidad, o adherido a sus pol\u00edticas de privacidad, establecidas en sus respectivas p\u00e1ginas web. El Usuario podr\u00e1 negarse a la cesi\u00f3n de sus datos a los Encargados del Tratamiento, mediante petici\u00f3n escrita, por cualquiera de los medios anteriormente referenciados.<br \/>\nAdem\u00e1s, en aquellos casos en que sea necesario, los datos de Clientes podr\u00e1n ser cedidos a determinados organismos, en cumplimiento de una obligaci\u00f3n legal: Agencia Tributaria Espa\u00f1ola, entidades bancarias, Inspecci\u00f3n de Trabajo, etc.<\/p>\n<p><strong>Ejercicio de Derechos del Usuario<\/strong><br \/>\nLa LOPD y el RGPD conceden a los interesados la posibilidad de ejercer una serie de derechos relacionados con el tratamiento de sus datos personales. Para ello, el Usuario deber\u00e1 dirigirse, aportando documentaci\u00f3n que acredite su identidad (DNI o pasaporte), mediante correo electr\u00f3nico a hontza@hontzamuseoa.eus, o bien mediante comunicaci\u00f3n escrita a la direcci\u00f3n que aparece en nuestro Aviso Legal. Dicha comunicaci\u00f3n deber\u00e1 reflejar la siguiente informaci\u00f3n: nombre y apellidos del Usuario, la petici\u00f3n de solicitud, el domicilio y los datos acreditativos.<br \/>\nEl ejercicio de derechos deber\u00e1 ser realizado por el propio Usuario. No obstante, podr\u00e1n ser ejecutados por una persona autorizada como representante legal del Usuario, aport\u00e1ndose la documentaci\u00f3n que acredite dicha representaci\u00f3n.<\/p>\n<p><strong>El Usuario podr\u00e1 solicitar el ejercicio de los derechos siguientes:<\/strong><br \/>\n\u2022 Derecho a solicitar el acceso a los datos personales.<br \/>\n\u2022 Derecho a solicitar su rectificaci\u00f3n (en caso de que sean incorrectos) o supresi\u00f3n.<br \/>\n\u2022 Derecho a solicitar la limitaci\u00f3n de su tratamiento, en cuyo caso \u00fanicamente ser\u00e1n conservados por \u201cHontza Museoa Fundazioa\u201d para el ejercicio o la defensa de reclamaciones.<br \/>\n\u2022 Derecho a oponerse al tratamiento: \u201cHontza Museoa Fundazioa\u201d dejar\u00e1 de tratar sus datos, salvo que por motivos leg\u00edtimos o el ejercicio o la defensa de posibles reclamaciones se tengan que seguir tratando.<br \/>\n\u2022 Derecho a la portabilidad de los datos: en caso de que quiera que sus datos sean tratados por otra empresa, \u201cHontza Museoa Fundazioa\u201d le facilitar\u00e1 la portabilidad de sus datos en formato exportable.<\/p>\n<p>En el caso de que se haya otorgado el consentimiento para alguna finalidad espec\u00edfica, el Usuario tiene derecho a retirar el consentimiento en cualquier momento, sin que ello afecte a la licitud del tratamiento basado en el consentimiento previo a su retirada.<\/p>\n<p>Si un Usuario considera que hay un problema con la forma en que \u201cHontza Museoa Fundazioa\u201d est\u00e1 manejando sus datos, puede dirigir sus reclamaciones al Responsable de Seguridad o a la autoridad de protecci\u00f3n de datos que corresponda, siendo la Agencia Espa\u00f1ola de Protecci\u00f3n de Datos la indicada en el caso de Espa\u00f1a.<\/p>\n<p><strong>Conservaci\u00f3n de los datos<\/strong><br \/>\nLos datos de car\u00e1cter personal de los Usuarios que usen el formulario de contacto o que nos env\u00eden un email solicitando informaci\u00f3n ser\u00e1n tratados durante el tiempo estrictamente necesario para atender a la solicitud de informaci\u00f3n, o hasta que se revoque el consentimiento otorgado.<\/p>\n<p>Los datos de car\u00e1cter personal de los Clientes ser\u00e1n tratados hasta que finalice la relaci\u00f3n contractual. El per\u00edodo de conservaci\u00f3n de los datos personales ser\u00e1 el m\u00ednimo necesario, pudiendo mantenerse hasta:<br \/>\n\u2022 4 a\u00f1os: Ley sobre Infracciones y Sanciones en el Orden Social (obligaciones en materia de afiliaci\u00f3n, altas, bajas, cotizaci\u00f3n, pago de salarios\u2026); Arts. 66 y sig. Ley General Tributaria (libros de contabilidad\u2026)<br \/>\n\u2022 5 a\u00f1os: Art. 1964 C\u00f3digo Civil (acciones personales sin plazo especial)<br \/>\n\u2022 6 a\u00f1os: Art. 30 C\u00f3digo de Comercio (libros de contabilidad, facturas\u2026)<br \/>\n\u2022 10 a\u00f1os: Art. 25 Ley de Prevenci\u00f3n del Blanqueo de Capitales y Financiaci\u00f3n del Terrorismo.<br \/>\n\u2022 Sin plazo: datos desagregados y anonimizados.<\/p>\n<p><strong>Redes sociales<\/strong><br \/>\n\u201cHontza Museoa Fundazioa\u201d cuenta con perfil en algunas de las principales redes sociales de Internet (Facebook, Twitter), reconoci\u00e9ndose en todos los casos Responsable del tratamiento de los datos de sus seguidores, fans, suscriptores, comentaristas y otros perfiles de Usuarios (en adelante, seguidores) publicados por \u201cHontza Museoa Fundazioa\u201d.<\/p>\n<p>La finalidad del tratamiento de datos por parte de \u201cHontza Museoa Fundazioa\u201d, cuando la ley no lo proh\u00edba, ser\u00e1 la de informar a sus seguidores sobre sus actividades y ofertas, por cualquier v\u00eda que la red social permita, as\u00ed como prestar servicio personalizado de atenci\u00f3n al cliente. La base jur\u00eddica que legitima este tratamiento ser\u00e1 el consentimiento del interesado, que podr\u00e1 revocar en cualquier momento.<\/p>\n<p>En ning\u00fan caso \u201cHontza Museoa Fundazioa\u201d extraer\u00e1 datos de las redes sociales, a menos que se obtuviera puntual y expresamente el consentimiento del Usuario para ello (por ejemplo, para la realizaci\u00f3n de un concurso).<\/p>\n<p><strong>Confidencialidad<\/strong><br \/>\nLa informaci\u00f3n suministrada por el cliente tendr\u00e1, en todo caso, la consideraci\u00f3n de confidencial, sin que pueda ser utilizada para otros fines distintos a los aqu\u00ed descritos. \u201cHontza Museoa Fundazioa\u201d se obliga a no divulgar ni revelar informaci\u00f3n sobre las pretensiones del Usuario, los motivos del asesoramiento solicitado, o la duraci\u00f3n de su relaci\u00f3n con \u00e9ste.<\/p>\n<p><strong>Validez<\/strong><br \/>\nEsta pol\u00edtica de privacidad y de protecci\u00f3n de datos ha sido redactada por ExpertosLOPD\u00ae, empresa de protecci\u00f3n de datos, a d\u00eda 29 de octubre de 2019, y podr\u00e1 variar en funci\u00f3n de los cambios de normativa y jurisprudencia que se vayan produciendo, siendo responsabilidad del titular de los datos la lectura del documento actualizado, en orden a conocer sus derechos y obligaciones al respecto en cada momento.<\/p>\n<p><strong>Puede consultar el Aviso Legal y las Condiciones de Uso en la siguiente p\u00e1gina: <a href=\"https:\/\/hontzamuseoa.eus\/es\/aviso-legal-y-condiciones-de-uso\/\">https:\/\/hontzamuseoa.eus\/es\/aviso-legal-y-condiciones-de-uso\/<\/a><\/strong><\/p>\n","protected":false},"excerpt":{"rendered":"<p>Pol\u00edtica de Privacidad \u201cHontza Museoa Fundazioa\u201d se encuentra profundamente comprometido con el cumplimiento de la normativa espa\u00f1ola y europea de protecci\u00f3n de datos de car\u00e1cter personal, y garantiza el cumplimiento \u00edntegro de las obligaciones dispuestas, as\u00ed como la implementaci\u00f3n de las medidas de seguridad dispuestas en el Reglamento General de Protecci\u00f3n de Datos (RGPD) (UE) [&hellip;]<\/p>\n","protected":false},"author":1,"featured_media":0,"parent":0,"menu_order":0,"comment_status":"closed","ping_status":"closed","template":"","meta":{"footnotes":""},"class_list":["post-16610","page","type-page","status-publish","hentry"],"_links":{"self":[{"href":"https:\/\/hontzamuseoa.eus\/es\/wp-json\/wp\/v2\/pages\/16610"}],"collection":[{"href":"https:\/\/hontzamuseoa.eus\/es\/wp-json\/wp\/v2\/pages"}],"about":[{"href":"https:\/\/hontzamuseoa.eus\/es\/wp-json\/wp\/v2\/types\/page"}],"author":[{"embeddable":true,"href":"https:\/\/hontzamuseoa.eus\/es\/wp-json\/wp\/v2\/users\/1"}],"replies":[{"embeddable":true,"href":"https:\/\/hontzamuseoa.eus\/es\/wp-json\/wp\/v2\/comments?post=16610"}],"version-history":[{"count":0,"href":"https:\/\/hontzamuseoa.eus\/es\/wp-json\/wp\/v2\/pages\/16610\/revisions"}],"wp:attachment":[{"href":"https:\/\/hontzamuseoa.eus\/es\/wp-json\/wp\/v2\/media?parent=16610"}],"curies":[{"name":"wp","href":"https:\/\/api.w.org\/{rel}","templated":true}]}}