{"id":16608,"date":"2020-04-10T19:40:15","date_gmt":"2020-04-10T19:40:15","guid":{"rendered":"https:\/\/hontzamuseoa.eus\/?page_id=16608"},"modified":"2020-04-24T11:41:16","modified_gmt":"2020-04-24T11:41:16","slug":"aviso-legal-y-condiciones-de-uso","status":"publish","type":"page","link":"https:\/\/hontzamuseoa.eus\/es\/aviso-legal-y-condiciones-de-uso\/","title":{"rendered":"Aviso Legal y Condiciones de Uso"},"content":{"rendered":"<h3>Aviso Legal y Condiciones de Uso<\/h3>\n<p>En cumplimiento del art\u00edculo 10 de la Ley 34\/2002, de 11 de julio, de Servicios de la Sociedad de la Informaci\u00f3n y del Comercio Electr\u00f3nico (LSSICE), Hontza Museoa Fundazioa (en adelante, \u201cHontza Museoa Fundazioa\u201d), Responsable de esta web, pone a disposici\u00f3n de los Usuarios la presente informaci\u00f3n, para definir sus Condiciones de Uso.<\/p>\n<p>Adicionalmente a los contenidos aqu\u00ed expuestos, los aspectos espec\u00edficos relacionados con la protecci\u00f3n de los datos personales y la privacidad de los usuarios de esta web se desarrollan en las p\u00e1ginas de Pol\u00edtica de Privacidad y Pol\u00edtica de Cookies.<\/p>\n<p><strong>Identidad del Responsable del Tratamiento<\/strong><br \/>\n\u2022 Denominaci\u00f3n Social: Hontza Museoa Fundazioa<br \/>\n\u2022 Nombre Comercial: Hontza Museoa Fundazioa<br \/>\n\u2022 CIF \/ NIF \/ NIE: G95797213<br \/>\n\u2022 Domicilio Social: Ebaristo Bustinza Kiriki\u00f1o, 18. 48212, Ma\u00f1aria (Bizkaia)<br \/>\n\u2022 Actividad: Museo<br \/>\n\u2022 Tel\u00e9fono: 946216555<br \/>\n\u2022 eMail: hontza@hontzamuseoa.eus<br \/>\n\u2022 Formulario de contacto: https:\/\/hontzamuseoa.eus\/contacto?lang=es<br \/>\n\u2022 Nombre de Dominio: https:\/\/hontzamuseoa.eus\/<br \/>\n\u2022 Registro de Tratamientos conforme al RGPD: Clientes\/Proveedores, Empleados, Videovigilancia y Usuarios Web.<br \/>\n\u2022 Autorizaci\u00f3n administrativa:<br \/>\n\u2022 Datos del DPD:<\/p>\n<p><strong>Finalidad de la Web<\/strong><br \/>\nLa web de Hontza Museoa Fundazioa tiene la finalidad de informar a clientes y potenciales clientes de sus productos y\/o servicios, datos de contacto, ubicaci\u00f3n, etc. Adem\u00e1s, en su caso, tambi\u00e9n tendr\u00e1 la finalidad de divulgar informaci\u00f3n relacionada con el sector de actividad del Responsable.<\/p>\n<p><strong>Marco Normativo<\/strong><br \/>\nLa actividad de esta web se encuentra sujeta al marco legal espa\u00f1ol y europeo, concretamente a las siguientes normas:<br \/>\n\u2022 Reglamento General de Protecci\u00f3n de Datos (RGPD) (UE) 2016\/679, que regula el tratamiento de datos personales en los pa\u00edses de la Uni\u00f3n Europea.<br \/>\n\u2022 Ley Org\u00e1nica 3\/2018, de 5 de diciembre, sobre protecci\u00f3n de datos y derechos digitales (LOPD y GDD), normas de \u00e1mbito regional (aplicables a Espa\u00f1a), y que definen y ampl\u00edan muchos de los conceptos y derechos presentes en el RGPD.<br \/>\n\u2022 Ley 34\/2002, de 11 de julio, de Servicios de la Sociedad de la Informaci\u00f3n y del Comercio Electr\u00f3nico (LSSICE), norma que afecta a aquellas webs que, de alguna forma, realicen actividades econ\u00f3micas mediante medios electr\u00f3nicos, como es el caso de esta web.<\/p>\n<p><strong>Condiciones de Uso y Responsabilidades<\/strong><br \/>\nToda persona que acceda a este sitio web asume el papel de Usuario, comprometi\u00e9ndose a la observancia y cumplimiento riguroso de las condiciones aqu\u00ed dispuestas, as\u00ed como a cualesquiera otra disposici\u00f3n legal que fuera de aplicaci\u00f3n. \u201cHontza Museoa Fundazioa\u201d no se har\u00e1 responsable de los da\u00f1os y perjuicios, propios o a terceros, producidos por el uso de este sitio web por parte del Usuario.<\/p>\n<p>\u201cHontza Museoa Fundazioa\u201d proporciona el acceso a art\u00edculos, informaciones, servicios y datos de su propiedad o de terceros, elaborados con fines meramente informativos o divulgativos, que pueden no reflejar el estado actual de la legislaci\u00f3n o la jurisprudencia, y que se refieren a situaciones generales, por lo que su contenido no debe ser aplicado necesariamente por el Usuario a casos concretos. El contenido de esta web, por tanto, no puede ser considerado, en ning\u00fan caso, sustitutivo de asesoramiento legal.<\/p>\n<p>\u201cHontza Museoa Fundazioa\u201d se reserva el derecho a modificar cualquier tipo de informaci\u00f3n que pudiera aparecer en la web, en cualquier momento y sin previo aviso, sin que exista obligaci\u00f3n de preavisar o poner en conocimiento de los Usuarios dichas obligaciones, entendi\u00e9ndose como suficiente la publicaci\u00f3n en el presente sitio web.<\/p>\n<p>Este sitio web ha sido revisado y probado para que funcione correctamente de manera ininterrumpida. No obstante, \u201cHontza Museoa Fundazioa\u201d no descarta la posibilidad de que existan ciertos errores de programaci\u00f3n, falta de disponibilidad puntual (por ejemplo, ca\u00eddas del servidor, o mantenimiento del mismo) o que acontezcan causas de fuerza mayor, cat\u00e1strofes naturales, huelgas, o circunstancias semejantes que hagan imposible el acceso temporal a la p\u00e1gina web. De igual forma, \u201cHontza Museoa Fundazioa\u201d no puede garantizar el funcionamiento ininterrumpido o totalmente libre de errores de esta web, ni se responsabiliza de los virus que tengan su origen en una transmisi\u00f3n telem\u00e1tica infiltrados por terceros generados con la finalidad de obtener resultados negativos para un sistema inform\u00e1tico.<\/p>\n<p>El Usuario se compromete a no utilizar esta web ni, si es el caso, los servicios o productos ofrecidos en la misma, para la realizaci\u00f3n de actividades contrarias a la ley, al orden p\u00fablico o a estas condiciones de uso. Por tanto, \u201cHontza Museoa Fundazioa\u201d no se hace responsable de la informaci\u00f3n y contenidos almacenados, a t\u00edtulo enunciativo pero no limitativo, en foros, chat\u00b4s, generadores de blogs, comentarios, redes sociales o cualesquiera otro medio que permita a terceros publicar contenidos. No obstante, y en cumplimiento de lo dispuesto en el art. 11 y 16 de la LSSI-CE, \u201cHontza Museoa Fundazioa\u201d se pone a disposici\u00f3n de todos los Usuarios, autoridades y fuerzas de seguridad, y colaborando de forma activa en la retirada o en su caso bloqueo de todos aquellos contenidos que pudieran afectar o contravenir la legislaci\u00f3n nacional, o internacional, derechos de terceros, o la moral y el orden p\u00fablico. En caso de que un Usuario considere que existe en la web alg\u00fan contenido que pudiera ser susceptible de esta clasificaci\u00f3n, se ruega lo notifique de forma inmediata a nuestro personal.<\/p>\n<p>\u201cHontza Museoa Fundazioa\u201d se reserva el derecho a denegar o retirar el acceso a la web sin necesidad de advertencia previa, a instancia propia o de un tercero, a aquellos Usuarios que incumplan nuestras Condiciones de Uso.<\/p>\n<p><strong>Propiedad Intelectual<\/strong><br \/>\nEl sitio web, incluyendo a t\u00edtulo enunciativo pero no limitativo su programaci\u00f3n, edici\u00f3n, compilaci\u00f3n y dem\u00e1s elementos necesarios para su funcionamiento, los dise\u00f1os, logotipos, texto y\/o gr\u00e1ficos son propiedad de \u201cHontza Museoa Fundazioa\u201d o, en su caso, dispone de licencia o autorizaci\u00f3n expresa por parte de los autores.<br \/>\nTodos los contenidos del sitio web se encuentran debidamente protegidos por la normativa de propiedad intelectual e industrial (art\u00edculos 8 y 32.1, p\u00e1rrafo segundo, de la Ley de Propiedad Intelectual), as\u00ed como inscritos en los registros p\u00fablicos correspondientes, y no se permite la reproducci\u00f3n y\/o publicaci\u00f3n, total o parcial, del sitio web, ni su tratamiento inform\u00e1tico, su distribuci\u00f3n, difusi\u00f3n, modificaci\u00f3n o transformaci\u00f3n, sin el permiso previo y por escrito del mismo. \u201cHontza Museoa Fundazioa\u201d velar\u00e1 por el cumplimiento de las anteriores condiciones, as\u00ed como por la debida utilizaci\u00f3n de los contenidos presentados en sus p\u00e1ginas web, ejercitando todas las acciones civiles y penales que le correspondan en el caso de infracci\u00f3n o incumplimiento de estos derechos por parte del Usuario.<\/p>\n<p>Los dise\u00f1os, logotipos, texto y\/o gr\u00e1ficos ajenos a \u201cHontza Museoa Fundazioa\u201d y que pudieran aparecer en el sitio web, pertenecen a sus respectivos propietarios, siendo ellos mismos responsables de cualquier posible controversia que pudiera suscitarse respecto a los mismos. En todo caso, \u201cHontza Museoa Fundazioa\u201d cuenta con la autorizaci\u00f3n expresa y previa por parte de los mismos. \u201cHontza Museoa Fundazioa\u201d reconoce a favor de sus titulares los correspondientes derechos de propiedad industrial e intelectual, no implicando su sola menci\u00f3n o aparici\u00f3n en el sitio web la existencia de derechos o responsabilidad alguna del Responsable sobre los mismos, como tampoco respaldo, patrocinio o recomendaci\u00f3n por parte del mismo.<\/p>\n<p><strong>Enlaces de terceros<\/strong><br \/>\n\u201cHontza Museoa Fundazioa\u201d puede poner a disposici\u00f3n del Usuario enlaces u otros elementos que permiten el acceso hacia otros sitios web pertenecientes a terceros. No comercializamos los productos y\/o servicios de dichas p\u00e1ginas enlazadas, ni asumimos ning\u00fan tipo de responsabilidad sobre las mismas, ni sobre la informaci\u00f3n contenida en ellas, ni su veracidad o licitud, ni de cualesquiera efectos que pudieran derivarse.<br \/>\nEn todo caso, \u201cHontza Museoa Fundazioa\u201d manifiesta que proceder\u00e1 a la retirada inmediata de cualquier contenido que pudiera contravenir la legislaci\u00f3n nacional o internacional, la moral o el orden p\u00fablico, procediendo a la retirada inmediata de la redirecci\u00f3n a dicho sitio web, poniendo en conocimiento de las autoridades competentes el contenido en cuesti\u00f3n.<\/p>\n<p><strong>Ley Aplicable y Jurisdicci\u00f3n<\/strong><br \/>\nLa relaci\u00f3n entre Responsable y Usuario se rige en todos y cada uno de sus extremos por la ley espa\u00f1ola, a la que se someten expresamente ambas partes. El idioma de redacci\u00f3n e interpretaci\u00f3n de este aviso legal es el espa\u00f1ol. Para la resoluci\u00f3n de todas las controversias o cuestiones relacionadas con el presente sitio web o de las actividades en \u00e9l desarrolladas, \u201cHontza Museoa Fundazioa\u201d y Usuario acuerdan someterse a los Juzgados y Tribunales del domicilio del Usuario.<\/p>\n<p><strong>Puede consultar la Pol\u00edtica de Privacidad en la siguiente p\u00e1gina:<a href=\"https:\/\/hontzamuseoa.eus\/es\/politica-de-privacidad\/\"> https:\/\/hontzamuseoa.eus\/es\/politica-de-privacidad\/<\/a><\/strong><\/p>\n","protected":false},"excerpt":{"rendered":"<p>Aviso Legal y Condiciones de Uso En cumplimiento del art\u00edculo 10 de la Ley 34\/2002, de 11 de julio, de Servicios de la Sociedad de la Informaci\u00f3n y del Comercio Electr\u00f3nico (LSSICE), Hontza Museoa Fundazioa (en adelante, \u201cHontza Museoa Fundazioa\u201d), Responsable de esta web, pone a disposici\u00f3n de los Usuarios la presente informaci\u00f3n, para definir [&hellip;]<\/p>\n","protected":false},"author":1,"featured_media":0,"parent":0,"menu_order":0,"comment_status":"closed","ping_status":"closed","template":"","meta":{"footnotes":""},"class_list":["post-16608","page","type-page","status-publish","hentry"],"_links":{"self":[{"href":"https:\/\/hontzamuseoa.eus\/es\/wp-json\/wp\/v2\/pages\/16608"}],"collection":[{"href":"https:\/\/hontzamuseoa.eus\/es\/wp-json\/wp\/v2\/pages"}],"about":[{"href":"https:\/\/hontzamuseoa.eus\/es\/wp-json\/wp\/v2\/types\/page"}],"author":[{"embeddable":true,"href":"https:\/\/hontzamuseoa.eus\/es\/wp-json\/wp\/v2\/users\/1"}],"replies":[{"embeddable":true,"href":"https:\/\/hontzamuseoa.eus\/es\/wp-json\/wp\/v2\/comments?post=16608"}],"version-history":[{"count":0,"href":"https:\/\/hontzamuseoa.eus\/es\/wp-json\/wp\/v2\/pages\/16608\/revisions"}],"wp:attachment":[{"href":"https:\/\/hontzamuseoa.eus\/es\/wp-json\/wp\/v2\/media?parent=16608"}],"curies":[{"name":"wp","href":"https:\/\/api.w.org\/{rel}","templated":true}]}}