{"id":15957,"date":"2019-11-21T16:11:46","date_gmt":"2019-11-21T16:11:46","guid":{"rendered":"https:\/\/hontzamuseoa.eus\/?page_id=15957"},"modified":"2020-01-27T18:02:48","modified_gmt":"2020-01-27T18:02:48","slug":"anfibios","status":"publish","type":"page","link":"https:\/\/hontzamuseoa.eus\/es\/zoologia\/anfibios\/","title":{"rendered":"Anfibios"},"content":{"rendered":"<div class=\"wpb-content-wrapper\"><p>[vc_row][vc_column][\/vc_column][\/vc_row][vc_row gap=\u00bb30&#8243; wrap_container=\u00bbyes\u00bb el_class=\u00bbour-offices\u00bb css=\u00bb.vc_custom_1574332582045{padding-top: 30px !important;}\u00bb][vc_column width=\u00bb1\/2&#8243; animation_delay=\u00bb200&#8243; animation_type=\u00bbfadeInRight\u00bb][vc_single_image image=\u00bb16057&#8243; img_size=\u00bbfull\u00bb onclick=\u00bblink_image\u00bb][\/vc_column][vc_column width=\u00bb1\/2&#8243; animation_delay=\u00bb200&#8243; animation_type=\u00bbfadeInLeft\u00bb]<div class=\"porto-sicon-box  wpb_custom_dba5c8e033e565c96e286f34c1d40bb9 style_1 left-icon\"><div class=\"porto-sicon-left\"><div class=\"porto-just-icon-wrapper porto-icon advanced\" style=\"color:#000000;width:40px;height:40px;line-height:40px;border-radius:500px;font-size:32px;\"><i class=\"fas fa-otter\"><\/i><\/div><\/div><div class=\"porto-sicon-body\"><div class=\"porto-sicon-header\"><h3 class=\"porto-sicon-title\" style=\"font-size:18px;color:#313131;\">ANFIBIOS<\/h3><\/div> <!-- header --><div class=\"porto-sicon-description\" style=\"font-size:15px;\"><a href=\"https:\/\/hontzamuseoa.eus\/es\/zoologia\/\">Zoolog\u00eda<\/a> &gt; <a href=\"https:\/\/hontzamuseoa.eus\/es\/zoologia\/#vertebrados\">Vertebrados<\/a> &gt; Anfibios<\/div> <!-- description --><\/div><\/div><!-- porto-sicon-box -->[vc_separator color=\u00bbcustom\u00bb gradient=\u00bbyes\u00bb][vc_column_text]<\/p>\n<p style=\"text-align: left;\">Peque\u00f1a colecci\u00f3n de <strong>ejemplares ex\u00f3ticos y europeos<\/strong>.<\/p>\n<ul class=\"portfolio-details\">\n<li>\n<h5><i class=\"fas fa-caret-right\"><\/i>Duraci\u00f3n:<\/h5>\n<p>Todo el a\u00f1o<\/li>\n<li class=\"skill-list\">\n<h5><i class=\"fas fa-caret-right\"><\/i>Etiquetas:<\/h5>\n<p><a href=\"https:\/\/hontzamuseoa.eus\/es\/exposiciones\/exposicion-permanente\/\" rel=\"tag\">Exposici\u00f3n Permanente<\/a><\/li>\n<li>\n<h5><i class=\"fas fa-caret-right\"><\/i>Localizaci\u00f3n:<\/h5>\n<p>Salas F\u00e9lix Rodr\u00edguez de la Fuente y Sala Racz-Lorenz, Primera planta<\/li>\n<\/ul>\n<p>[vc_btn title=\u00bbReserva tu visita\u00bb style=\u00bbmodern\u00bb skin=\u00bbprimary\u00bb link=\u00bburl:https%3A%2F%2Fhontzamuseoa.eus%2Fes%2Fcontacto%2F|||\u00bb][\/vc_column_text][\/vc_column][\/vc_row]<\/p>\n<\/div>","protected":false},"excerpt":{"rendered":"<p>[vc_row][vc_column][\/vc_column][\/vc_row][vc_row gap=\u00bb30&#8243; wrap_container=\u00bbyes\u00bb el_class=\u00bbour-offices\u00bb css=\u00bb.vc_custom_1574332582045{padding-top: 30px !important;}\u00bb][vc_column width=\u00bb1\/2&#8243; animation_delay=\u00bb200&#8243; animation_type=\u00bbfadeInRight\u00bb][vc_single_image image=\u00bb16057&#8243; img_size=\u00bbfull\u00bb onclick=\u00bblink_image\u00bb][\/vc_column][vc_column width=\u00bb1\/2&#8243; animation_delay=\u00bb200&#8243; animation_type=\u00bbfadeInLeft\u00bb][vc_separator color=\u00bbcustom\u00bb gradient=\u00bbyes\u00bb][vc_column_text] Peque\u00f1a colecci\u00f3n de ejemplares ex\u00f3ticos y europeos. Duraci\u00f3n: Todo el a\u00f1o Etiquetas: Exposici\u00f3n Permanente Localizaci\u00f3n: Salas F\u00e9lix Rodr\u00edguez de la Fuente y Sala Racz-Lorenz, Primera planta [vc_btn title=\u00bbReserva tu visita\u00bb style=\u00bbmodern\u00bb skin=\u00bbprimary\u00bb link=\u00bburl:https%3A%2F%2Fhontzamuseoa.eus%2Fes%2Fcontacto%2F|||\u00bb][\/vc_column_text][\/vc_column][\/vc_row]<\/p>\n","protected":false},"author":1,"featured_media":0,"parent":15580,"menu_order":0,"comment_status":"closed","ping_status":"closed","template":"","meta":{"footnotes":""},"class_list":["post-15957","page","type-page","status-publish","hentry"],"_links":{"self":[{"href":"https:\/\/hontzamuseoa.eus\/es\/wp-json\/wp\/v2\/pages\/15957"}],"collection":[{"href":"https:\/\/hontzamuseoa.eus\/es\/wp-json\/wp\/v2\/pages"}],"about":[{"href":"https:\/\/hontzamuseoa.eus\/es\/wp-json\/wp\/v2\/types\/page"}],"author":[{"embeddable":true,"href":"https:\/\/hontzamuseoa.eus\/es\/wp-json\/wp\/v2\/users\/1"}],"replies":[{"embeddable":true,"href":"https:\/\/hontzamuseoa.eus\/es\/wp-json\/wp\/v2\/comments?post=15957"}],"version-history":[{"count":0,"href":"https:\/\/hontzamuseoa.eus\/es\/wp-json\/wp\/v2\/pages\/15957\/revisions"}],"up":[{"embeddable":true,"href":"https:\/\/hontzamuseoa.eus\/es\/wp-json\/wp\/v2\/pages\/15580"}],"wp:attachment":[{"href":"https:\/\/hontzamuseoa.eus\/es\/wp-json\/wp\/v2\/media?parent=15957"}],"curies":[{"name":"wp","href":"https:\/\/api.w.org\/{rel}","templated":true}]}}