{"id":15939,"date":"2019-11-21T11:02:44","date_gmt":"2019-11-21T11:02:44","guid":{"rendered":"https:\/\/hontzamuseoa.eus\/?page_id=15939"},"modified":"2020-01-27T17:55:50","modified_gmt":"2020-01-27T17:55:50","slug":"moluscos","status":"publish","type":"page","link":"https:\/\/hontzamuseoa.eus\/es\/zoologia\/moluscos\/","title":{"rendered":"Moluscos"},"content":{"rendered":"<div class=\"wpb-content-wrapper\"><p>[vc_row][vc_column][\/vc_column][\/vc_row][vc_row gap=\u00bb30&#8243; wrap_container=\u00bbyes\u00bb el_class=\u00bbour-offices\u00bb css=\u00bb.vc_custom_1574332582045{padding-top: 30px !important;}\u00bb][vc_column width=\u00bb1\/2&#8243; animation_delay=\u00bb200&#8243; animation_type=\u00bbfadeInRight\u00bb][vc_single_image image=\u00bb16045&#8243; img_size=\u00bbfull\u00bb onclick=\u00bblink_image\u00bb][\/vc_column][vc_column width=\u00bb1\/2&#8243; animation_delay=\u00bb200&#8243; animation_type=\u00bbfadeInLeft\u00bb]<div class=\"porto-sicon-box  wpb_custom_dba5c8e033e565c96e286f34c1d40bb9 style_1 left-icon\"><div class=\"porto-sicon-body\"><div class=\"porto-sicon-header\"><h3 class=\"porto-sicon-title\" style=\"font-size:18px;color:#313131;\">MOLUSCOS<\/h3><\/div> <!-- header --><div class=\"porto-sicon-description\" style=\"font-size:15px;\"><a href=\"https:\/\/hontzamuseoa.eus\/es\/zoologia\/\">Zoolog\u00eda<\/a> &gt; <a href=\"https:\/\/hontzamuseoa.eus\/es\/zoologia\/#invertebrados\">Invertebrados<\/a> &gt; Moluscos<\/div> <!-- description --><\/div><\/div><!-- porto-sicon-box -->[vc_separator color=\u00bbcustom\u00bb gradient=\u00bbyes\u00bb][vc_column_text]<\/p>\n<h3 style=\"text-align: left;\">Colecci\u00f3n estelar del museo<\/h3>\n<p style=\"text-align: left;\">La colecci\u00f3n de moluscos se presenta como una colecci\u00f3n destacada dentro de Hontza Museoa. Esta colecci\u00f3n est\u00e1 compuesta de varios <strong>miles de especies de todo el Mundo y de los principales grupos con y sin concha<\/strong>: Gaster\u00f3podos, Bivalvos, Cephal\u00f3podos, Poliplac\u00f3foros y Escaf\u00f3podos, etc.<\/p>\n<ul class=\"portfolio-details\">\n<li>\n<h5><i class=\"fas fa-caret-right\"><\/i>Duraci\u00f3n:<\/h5>\n<p>Todo el a\u00f1o<\/li>\n<li class=\"skill-list\">\n<h5><i class=\"fas fa-caret-right\"><\/i>Etiquetas:<\/h5>\n<p><a href=\"https:\/\/hontzamuseoa.eus\/es\/exposiciones\/exposicion-permanente\/\" rel=\"tag\">Exposici\u00f3n Permanente<\/a><\/li>\n<li>\n<h5><i class=\"fas fa-caret-right\"><\/i>Localizaci\u00f3n:<\/h5>\n<p>Sala Enrike Huerta, Primera planta<\/li>\n<\/ul>\n<p>[vc_btn title=\u00bbReserva tu visita\u00bb style=\u00bbmodern\u00bb skin=\u00bbprimary\u00bb link=\u00bburl:https%3A%2F%2Fhontzamuseoa.eus%2Fes%2Fcontacto%2F|||\u00bb][\/vc_column_text][\/vc_column][\/vc_row]<\/p>\n<\/div>","protected":false},"excerpt":{"rendered":"<p>[vc_row][vc_column][\/vc_column][\/vc_row][vc_row gap=\u00bb30&#8243; wrap_container=\u00bbyes\u00bb el_class=\u00bbour-offices\u00bb css=\u00bb.vc_custom_1574332582045{padding-top: 30px !important;}\u00bb][vc_column width=\u00bb1\/2&#8243; animation_delay=\u00bb200&#8243; animation_type=\u00bbfadeInRight\u00bb][vc_single_image image=\u00bb16045&#8243; img_size=\u00bbfull\u00bb onclick=\u00bblink_image\u00bb][\/vc_column][vc_column width=\u00bb1\/2&#8243; animation_delay=\u00bb200&#8243; animation_type=\u00bbfadeInLeft\u00bb][vc_separator color=\u00bbcustom\u00bb gradient=\u00bbyes\u00bb][vc_column_text] Colecci\u00f3n estelar del museo La colecci\u00f3n de moluscos se presenta como una colecci\u00f3n destacada dentro de Hontza Museoa. Esta colecci\u00f3n est\u00e1 compuesta de varios miles de especies de todo el Mundo y de los principales grupos con [&hellip;]<\/p>\n","protected":false},"author":1,"featured_media":0,"parent":15580,"menu_order":0,"comment_status":"closed","ping_status":"closed","template":"","meta":{"footnotes":""},"class_list":["post-15939","page","type-page","status-publish","hentry"],"_links":{"self":[{"href":"https:\/\/hontzamuseoa.eus\/es\/wp-json\/wp\/v2\/pages\/15939"}],"collection":[{"href":"https:\/\/hontzamuseoa.eus\/es\/wp-json\/wp\/v2\/pages"}],"about":[{"href":"https:\/\/hontzamuseoa.eus\/es\/wp-json\/wp\/v2\/types\/page"}],"author":[{"embeddable":true,"href":"https:\/\/hontzamuseoa.eus\/es\/wp-json\/wp\/v2\/users\/1"}],"replies":[{"embeddable":true,"href":"https:\/\/hontzamuseoa.eus\/es\/wp-json\/wp\/v2\/comments?post=15939"}],"version-history":[{"count":0,"href":"https:\/\/hontzamuseoa.eus\/es\/wp-json\/wp\/v2\/pages\/15939\/revisions"}],"up":[{"embeddable":true,"href":"https:\/\/hontzamuseoa.eus\/es\/wp-json\/wp\/v2\/pages\/15580"}],"wp:attachment":[{"href":"https:\/\/hontzamuseoa.eus\/es\/wp-json\/wp\/v2\/media?parent=15939"}],"curies":[{"name":"wp","href":"https:\/\/api.w.org\/{rel}","templated":true}]}}