{"id":15580,"date":"2019-10-23T11:32:42","date_gmt":"2019-10-23T11:32:42","guid":{"rendered":"https:\/\/hontzamuseoa.eus\/?page_id=15580"},"modified":"2020-01-26T16:38:51","modified_gmt":"2020-01-26T16:38:51","slug":"zoologia","status":"publish","type":"page","link":"https:\/\/hontzamuseoa.eus\/es\/zoologia\/","title":{"rendered":"ZOOLOG\u00cdA"},"content":{"rendered":"<div class=\"wpb-content-wrapper\"><p>[vc_row][vc_column][\/vc_column][\/vc_row][vc_row wrap_container=\u00bbyes\u00bb css=\u00bb.vc_custom_1572532748357{padding-top: 70px !important;padding-bottom: 40px !important;}\u00bb el_id=\u00bbinvertebrados\u00bb][vc_column width=\u00bb1\/2&#8243; animation_delay=\u00bb200&#8243; animation_type=\u00bbfadeInLeft\u00bb]<div class=\"porto-image-frame \"><img loading=\"lazy\" decoding=\"async\" alt=\"\" src=\"\/\/hontzamuseoa.eus\/wp-content\/uploads\/2019\/10\/Invertebrados.jpg\" class=\"img-responsive img-rounded img-box-shadow\" width=\"490\" height=\"580\"><\/div>[\/vc_column][vc_column width=\u00bb1\/2&#8243; animation_delay=\u00bb200&#8243; animation_type=\u00bbfadeInRight\u00bb el_class=\u00bbprices\u00bb][vc_custom_heading text=\u00bbINVERTEBRADOS\u00bb font_container=\u00bbtag:h3|font_size:21|text_align:left|color:%23ffffff|line_height:24px\u00bb use_theme_fonts=\u00bbyes\u00bb font_weight=\u00bb500&#8243; el_class=\u00bbd-inline-block background-color-dark\u00bb css=\u00bb.vc_custom_1572531457008{margin-bottom: 33px !important;padding-top: 11.2px !important;padding-right: 12.8px !important;padding-bottom: 11.2px !important;padding-left: 12.8px !important;}\u00bb el_id=\u00bbinvertebradosvertebrados\u00bb]<a aria-label=\"Por\u00edferos\" class=\"porto-sicon-box-link\" href=\"https:\/\/hontzamuseoa.eus\/es\/poriferos\/\"><div class=\"porto-sicon-box  wpb_custom_1efe903570d178ff0a9b7bfa5febd3a4 style_1 default-icon flex-wrap\"><div class=\"porto-sicon-header\"><h3 class=\"porto-sicon-title\" style=\"font-weight:600;font-size:22px;line-height:24px;\">Por\u00edferos<\/h3><\/div> <!-- header --><div class=\"porto-sicon-description\" style=\"font-size:18px;line-height:17.64px;\">Esponjas de los diferentes grupos<\/div> <!-- description --><\/div><!-- porto-sicon-box --><\/a><a aria-label=\"Cnidarios\" class=\"porto-sicon-box-link\" href=\"https:\/\/hontzamuseoa.eus\/es\/zoologia\/cnidarios\/\" title='Cnidarios'><div class=\"porto-sicon-box  wpb_custom_1efe903570d178ff0a9b7bfa5febd3a4 style_1 default-icon flex-wrap\"><div class=\"porto-sicon-header\"><h3 class=\"porto-sicon-title\" style=\"font-weight:600;font-size:22px;line-height:24px;\">Cnidarios<\/h3><\/div> <!-- header --><div class=\"porto-sicon-description\" style=\"font-size:18px;line-height:17.64px;\">Corales duros, flexibles y blandos<\/div> <!-- description --><\/div><!-- porto-sicon-box --><\/a><a aria-label=\"Moluscos\" class=\"porto-sicon-box-link\" href=\"https:\/\/hontzamuseoa.eus\/es\/moluscos\/\"><div class=\"porto-sicon-box  wpb_custom_1efe903570d178ff0a9b7bfa5febd3a4 style_1 default-icon flex-wrap\"><div class=\"porto-sicon-header\"><h3 class=\"porto-sicon-title\" style=\"font-weight:600;font-size:22px;line-height:24px;\">Moluscos<\/h3><\/div> <!-- header --><div class=\"porto-sicon-description\" style=\"font-size:18px;line-height:17.64px;\">Gaster\u00f3podos, Bivalvos, Cefal\u00f3podos, etc.<\/div> <!-- description --><\/div><!-- porto-sicon-box --><\/a><a aria-label=\"Artr\u00f3podos\" class=\"porto-sicon-box-link\" href=\"https:\/\/hontzamuseoa.eus\/es\/zoologia\/artropodos\/\"><div class=\"porto-sicon-box  wpb_custom_1efe903570d178ff0a9b7bfa5febd3a4 style_1 default-icon flex-wrap\"><div class=\"porto-sicon-header\"><h3 class=\"porto-sicon-title\" style=\"font-weight:600;font-size:22px;line-height:24px;\">Artr\u00f3podos<\/h3><\/div> <!-- header --><div class=\"porto-sicon-description\" style=\"font-size:18px;line-height:17.64px;\">Cacerolas de las Molucas, Ara\u00f1as, Insectos, Cangrejos, etc.<\/div> <!-- description --><\/div><!-- porto-sicon-box --><\/a><a aria-label=\"Equinodermos\" class=\"porto-sicon-box-link\" href=\"https:\/\/hontzamuseoa.eus\/es\/zoologia\/equinodermos\/\"><div class=\"porto-sicon-box  wpb_custom_1efe903570d178ff0a9b7bfa5febd3a4 style_1 default-icon flex-wrap\"><div class=\"porto-sicon-header\"><h3 class=\"porto-sicon-title\" style=\"font-weight:600;font-size:22px;line-height:24px;\">Equinodermos<\/h3><\/div> <!-- header --><div class=\"porto-sicon-description\" style=\"font-size:18px;line-height:17.64px;\">Erizos, estrellas de mar, etc.<\/div> <!-- description --><\/div><!-- porto-sicon-box --><\/a>[\/vc_column][\/vc_row][vc_row wrap_container=\u00bbyes\u00bb css=\u00bb.vc_custom_1572532666074{padding-top: 40px !important;padding-bottom: 80px !important;}\u00bb el_id=\u00bbvertebrados\u00bb][vc_column width=\u00bb1\/2&#8243; animation_delay=\u00bb200&#8243; animation_type=\u00bbfadeInLeft\u00bb]<div class=\"porto-image-frame \"><img loading=\"lazy\" decoding=\"async\" alt=\"\" src=\"\/\/hontzamuseoa.eus\/wp-content\/uploads\/2019\/10\/Vertebrados.jpg\" class=\"img-responsive img-rounded img-box-shadow\" width=\"490\" height=\"580\"><\/div>[\/vc_column][vc_column width=\u00bb1\/2&#8243; animation_delay=\u00bb200&#8243; animation_type=\u00bbfadeInRight\u00bb el_class=\u00bbprices\u00bb][vc_custom_heading text=\u00bbVERTEBRADOS\u00bb font_container=\u00bbtag:h3|font_size:21|text_align:left|color:%23ffffff|line_height:24px\u00bb use_theme_fonts=\u00bbyes\u00bb font_weight=\u00bb500&#8243; el_class=\u00bbd-inline-block background-color-dark\u00bb css=\u00bb.vc_custom_1572530390839{margin-bottom: 33px !important;padding-top: 11.2px !important;padding-right: 12.8px !important;padding-bottom: 11.2px !important;padding-left: 12.8px !important;}\u00bb]<a aria-label=\"Peces\" class=\"porto-sicon-box-link\" href=\"https:\/\/hontzamuseoa.eus\/es\/zoologia\/peces\/\"><div class=\"porto-sicon-box  wpb_custom_1efe903570d178ff0a9b7bfa5febd3a4 style_1 default-icon flex-wrap\"><div class=\"porto-sicon-header\"><h3 class=\"porto-sicon-title\" style=\"font-weight:600;font-size:22px;line-height:24px;\">Peces<\/h3><\/div> <!-- header --><div class=\"porto-sicon-description\" style=\"font-size:18px;line-height:17.64px;\">Ejemplares de Agua dulce y Marinos<\/div> <!-- description --><\/div><!-- porto-sicon-box --><\/a><a aria-label=\"Anfibios\" class=\"porto-sicon-box-link\" href=\"https:\/\/hontzamuseoa.eus\/es\/zoologia\/anfibios\/\"><div class=\"porto-sicon-box  wpb_custom_1efe903570d178ff0a9b7bfa5febd3a4 style_1 default-icon flex-wrap\"><div class=\"porto-sicon-header\"><h3 class=\"porto-sicon-title\" style=\"font-weight:600;font-size:22px;line-height:24px;\">Anfibios<\/h3><\/div> <!-- header --><div class=\"porto-sicon-description\" style=\"font-size:18px;line-height:17.64px;\">Peque\u00f1a colecci\u00f3n de ejemplares ex\u00f3ticos y europeos<\/div> <!-- description --><\/div><!-- porto-sicon-box --><\/a><a aria-label=\"Reptiles\" class=\"porto-sicon-box-link\" href=\"https:\/\/hontzamuseoa.eus\/es\/zoologia\/reptiles\/\"><div class=\"porto-sicon-box  wpb_custom_1efe903570d178ff0a9b7bfa5febd3a4 style_1 default-icon flex-wrap\"><div class=\"porto-sicon-header\"><h3 class=\"porto-sicon-title\" style=\"font-weight:600;font-size:22px;line-height:24px;\">Reptiles<\/h3><\/div> <!-- header --><div class=\"porto-sicon-description\" style=\"font-size:18px;line-height:17.64px;\">Caimanes, cocodrilos, Lagartos, Tortugas, etc.<\/div> <!-- description --><\/div><!-- porto-sicon-box --><\/a><a aria-label=\"Aves\" class=\"porto-sicon-box-link\" href=\"https:\/\/hontzamuseoa.eus\/es\/aves\/\"><div class=\"porto-sicon-box  wpb_custom_1efe903570d178ff0a9b7bfa5febd3a4 style_1 default-icon flex-wrap\"><div class=\"porto-sicon-header\"><h3 class=\"porto-sicon-title\" style=\"font-weight:600;font-size:22px;line-height:24px;\">Aves<\/h3><\/div> <!-- header --><div class=\"porto-sicon-description\" style=\"font-size:18px;line-height:17.64px;\">Europeas y Ex\u00f3ticas, de todo el Mundo<\/div> <!-- description --><\/div><!-- porto-sicon-box --><\/a><a aria-label=\"Mam\u00edferos\" class=\"porto-sicon-box-link\" href=\"https:\/\/hontzamuseoa.eus\/es\/zoologia\/mamiferos\/\"><div class=\"porto-sicon-box  wpb_custom_1efe903570d178ff0a9b7bfa5febd3a4 style_1 default-icon flex-wrap\"><div class=\"porto-sicon-header\"><h3 class=\"porto-sicon-title\" style=\"font-weight:600;font-size:22px;line-height:24px;\">Mam\u00edferos<\/h3><\/div> <!-- header --><div class=\"porto-sicon-description\" style=\"font-size:18px;line-height:17.64px;\">Europeos y Ex\u00f3ticos de diversas partes del mundo<\/div> <!-- description --><\/div><!-- porto-sicon-box --><\/a>[\/vc_column][\/vc_row]<\/p>\n<\/div>","protected":false},"excerpt":{"rendered":"<p>[vc_row][vc_column][\/vc_column][\/vc_row][vc_row wrap_container=\u00bbyes\u00bb css=\u00bb.vc_custom_1572532748357{padding-top: 70px !important;padding-bottom: 40px !important;}\u00bb el_id=\u00bbinvertebrados\u00bb][vc_column width=\u00bb1\/2&#8243; animation_delay=\u00bb200&#8243; animation_type=\u00bbfadeInLeft\u00bb][\/vc_column][vc_column width=\u00bb1\/2&#8243; animation_delay=\u00bb200&#8243; animation_type=\u00bbfadeInRight\u00bb el_class=\u00bbprices\u00bb][vc_custom_heading text=\u00bbINVERTEBRADOS\u00bb font_container=\u00bbtag:h3|font_size:21|text_align:left|color:%23ffffff|line_height:24px\u00bb use_theme_fonts=\u00bbyes\u00bb font_weight=\u00bb500&#8243; el_class=\u00bbd-inline-block background-color-dark\u00bb css=\u00bb.vc_custom_1572531457008{margin-bottom: 33px !important;padding-top: 11.2px !important;padding-right: 12.8px !important;padding-bottom: 11.2px !important;padding-left: 12.8px !important;}\u00bb el_id=\u00bbinvertebradosvertebrados\u00bb][\/vc_column][\/vc_row][vc_row wrap_container=\u00bbyes\u00bb css=\u00bb.vc_custom_1572532666074{padding-top: 40px !important;padding-bottom: 80px !important;}\u00bb el_id=\u00bbvertebrados\u00bb][vc_column width=\u00bb1\/2&#8243; animation_delay=\u00bb200&#8243; animation_type=\u00bbfadeInLeft\u00bb][\/vc_column][vc_column width=\u00bb1\/2&#8243; animation_delay=\u00bb200&#8243; animation_type=\u00bbfadeInRight\u00bb el_class=\u00bbprices\u00bb][vc_custom_heading text=\u00bbVERTEBRADOS\u00bb font_container=\u00bbtag:h3|font_size:21|text_align:left|color:%23ffffff|line_height:24px\u00bb use_theme_fonts=\u00bbyes\u00bb font_weight=\u00bb500&#8243; el_class=\u00bbd-inline-block background-color-dark\u00bb css=\u00bb.vc_custom_1572530390839{margin-bottom: 33px [&hellip;]<\/p>\n","protected":false},"author":1,"featured_media":0,"parent":0,"menu_order":0,"comment_status":"closed","ping_status":"closed","template":"","meta":{"footnotes":""},"class_list":["post-15580","page","type-page","status-publish","hentry"],"_links":{"self":[{"href":"https:\/\/hontzamuseoa.eus\/es\/wp-json\/wp\/v2\/pages\/15580"}],"collection":[{"href":"https:\/\/hontzamuseoa.eus\/es\/wp-json\/wp\/v2\/pages"}],"about":[{"href":"https:\/\/hontzamuseoa.eus\/es\/wp-json\/wp\/v2\/types\/page"}],"author":[{"embeddable":true,"href":"https:\/\/hontzamuseoa.eus\/es\/wp-json\/wp\/v2\/users\/1"}],"replies":[{"embeddable":true,"href":"https:\/\/hontzamuseoa.eus\/es\/wp-json\/wp\/v2\/comments?post=15580"}],"version-history":[{"count":0,"href":"https:\/\/hontzamuseoa.eus\/es\/wp-json\/wp\/v2\/pages\/15580\/revisions"}],"wp:attachment":[{"href":"https:\/\/hontzamuseoa.eus\/es\/wp-json\/wp\/v2\/media?parent=15580"}],"curies":[{"name":"wp","href":"https:\/\/api.w.org\/{rel}","templated":true}]}}