{"id":15574,"date":"2019-10-23T11:31:01","date_gmt":"2019-10-23T11:31:01","guid":{"rendered":"https:\/\/hontzamuseoa.eus\/?page_id=15574"},"modified":"2020-04-11T16:21:58","modified_gmt":"2020-04-11T16:21:58","slug":"paleontologia","status":"publish","type":"page","link":"https:\/\/hontzamuseoa.eus\/es\/paleontologia\/","title":{"rendered":"PALEONTOLOG\u00cdA"},"content":{"rendered":"<div class=\"wpb-content-wrapper\"><p>[vc_row][vc_column][\/vc_column][\/vc_row][vc_row css=\u00bb.vc_custom_1572533631875{padding-top: 70px !important;}\u00bb][vc_column width=\u00bb1\/2&#8243;][vc_single_image image=\u00bb16112&#8243; img_size=\u00bbfull\u00bb onclick=\u00bblink_image\u00bb][\/vc_column][vc_column width=\u00bb1\/2&#8243;][vc_column_text]<\/p>\n<h3>F\u00f3siles Vegetales, Invertebrados y Vertebrados<\/h3>\n<p>Con ejemplares de Bot\u00e1nica y Zoolog\u00eda (Invertebrados y Vertebrados), <strong>destacan las osamentas de varios ejemplares de Oso de las cavernas<\/strong>, encontrados en cuevas de la zona, con los que se ha preparado un ejemplar para su exhibici\u00f3n en la <a href=\"https:\/\/hontzamuseoa.eus\/es\/exposiciones\/exposicion-temporal\/\"><strong>actual exposici\u00f3n temporal<\/strong><\/a>. Los fondos disponen de m\u00e1s de 6.000 ejemplares.<\/p>\n<ul class=\"portfolio-details\">\n<li>\n<h5><i class=\"fas fa-caret-right\"><\/i>Duraci\u00f3n:<\/h5>\n<p>Todo el a\u00f1o<\/li>\n<li class=\"skill-list\">\n<h5><i class=\"fas fa-caret-right\"><\/i>N\u00famero de ejemplares expuestos:<\/h5>\n<p>150<\/li>\n<li>\n<h5><i class=\"fas fa-caret-right\"><\/i>Localizaci\u00f3n:<\/h5>\n<p>Sala Kiriki\u00f1o, planta baja<\/li>\n<\/ul>\n<p>[vc_btn title=\u00bbReserva tu visita\u00bb style=\u00bbmodern\u00bb skin=\u00bbprimary\u00bb link=\u00bburl:https%3A%2F%2Fhontzamuseoa.eus%2Fes%2Fcontacto%2F|||\u00bb][\/vc_column_text][\/vc_column][\/vc_row]<\/p>\n<\/div>","protected":false},"excerpt":{"rendered":"<p>[vc_row][vc_column][\/vc_column][\/vc_row][vc_row css=\u00bb.vc_custom_1572533631875{padding-top: 70px !important;}\u00bb][vc_column width=\u00bb1\/2&#8243;][vc_single_image image=\u00bb16112&#8243; img_size=\u00bbfull\u00bb onclick=\u00bblink_image\u00bb][\/vc_column][vc_column width=\u00bb1\/2&#8243;][vc_column_text] F\u00f3siles Vegetales, Invertebrados y Vertebrados Con ejemplares de Bot\u00e1nica y Zoolog\u00eda (Invertebrados y Vertebrados), destacan las osamentas de varios ejemplares de Oso de las cavernas, encontrados en cuevas de la zona, con los que se ha preparado un ejemplar para su exhibici\u00f3n en la actual exposici\u00f3n [&hellip;]<\/p>\n","protected":false},"author":1,"featured_media":0,"parent":0,"menu_order":0,"comment_status":"closed","ping_status":"closed","template":"","meta":{"footnotes":""},"class_list":["post-15574","page","type-page","status-publish","hentry"],"_links":{"self":[{"href":"https:\/\/hontzamuseoa.eus\/es\/wp-json\/wp\/v2\/pages\/15574"}],"collection":[{"href":"https:\/\/hontzamuseoa.eus\/es\/wp-json\/wp\/v2\/pages"}],"about":[{"href":"https:\/\/hontzamuseoa.eus\/es\/wp-json\/wp\/v2\/types\/page"}],"author":[{"embeddable":true,"href":"https:\/\/hontzamuseoa.eus\/es\/wp-json\/wp\/v2\/users\/1"}],"replies":[{"embeddable":true,"href":"https:\/\/hontzamuseoa.eus\/es\/wp-json\/wp\/v2\/comments?post=15574"}],"version-history":[{"count":0,"href":"https:\/\/hontzamuseoa.eus\/es\/wp-json\/wp\/v2\/pages\/15574\/revisions"}],"wp:attachment":[{"href":"https:\/\/hontzamuseoa.eus\/es\/wp-json\/wp\/v2\/media?parent=15574"}],"curies":[{"name":"wp","href":"https:\/\/api.w.org\/{rel}","templated":true}]}}