{"id":15562,"date":"2019-10-23T11:19:59","date_gmt":"2019-10-23T11:19:59","guid":{"rendered":"https:\/\/hontzamuseoa.eus\/?page_id=15562"},"modified":"2020-01-27T17:53:49","modified_gmt":"2020-01-27T17:53:49","slug":"geologia","status":"publish","type":"page","link":"https:\/\/hontzamuseoa.eus\/es\/geologia\/","title":{"rendered":"GEOLOG\u00cdA"},"content":{"rendered":"<div class=\"wpb-content-wrapper\"><p>[vc_row][vc_column][\/vc_column][\/vc_row][vc_row css=\u00bb.vc_custom_1572533383817{padding-top: 70px !important;}\u00bb][vc_column width=\u00bb1\/2&#8243;][vc_single_image image=\u00bb16097&#8243; img_size=\u00bbfull\u00bb onclick=\u00bblink_image\u00bb][\/vc_column][vc_column width=\u00bb1\/2&#8243;][vc_column_text]<\/p>\n<h3>Arenas del Mundo, Rocas y Minerales<\/h3>\n<p>Las colecciones de Mineralog\u00eda y Petrolog\u00eda est\u00e1n constituidas por una peque\u00f1a <strong>colecci\u00f3n de algo m\u00e1s de 1.400 ejemplares<\/strong>, entre minerales, rocas y areniscas.<\/p>\n<p data-fontsize=\"16\" data-lineheight=\"24\">Disponemos de una<strong> bonita colecci\u00f3n de arenas de playas, desiertos<\/strong>, etc., de todo el Mundo.<\/p>\n<ul class=\"portfolio-details\">\n<li>\n<h5><i class=\"fas fa-caret-right\"><\/i>Duraci\u00f3n:<\/h5>\n<p>Todo el a\u00f1o<\/li>\n<li class=\"skill-list\">\n<h5><i class=\"fas fa-caret-right\"><\/i>N\u00famero de ejemplares expuestos:<\/h5>\n<p>168<\/li>\n<li>\n<h5><i class=\"fas fa-caret-right\"><\/i>Localizaci\u00f3n:<\/h5>\n<p>Sala Kiriki\u00f1o, Planta baja<\/li>\n<\/ul>\n<p>[vc_btn title=\u00bbReserva tu visita\u00bb style=\u00bbmodern\u00bb skin=\u00bbprimary\u00bb link=\u00bburl:https%3A%2F%2Fhontzamuseoa.eus%2Fes%2Fcontacto%2F|||\u00bb][\/vc_column_text][\/vc_column][\/vc_row]<\/p>\n<\/div>","protected":false},"excerpt":{"rendered":"<p>[vc_row][vc_column][\/vc_column][\/vc_row][vc_row css=\u00bb.vc_custom_1572533383817{padding-top: 70px !important;}\u00bb][vc_column width=\u00bb1\/2&#8243;][vc_single_image image=\u00bb16097&#8243; img_size=\u00bbfull\u00bb onclick=\u00bblink_image\u00bb][\/vc_column][vc_column width=\u00bb1\/2&#8243;][vc_column_text] Arenas del Mundo, Rocas y Minerales Las colecciones de Mineralog\u00eda y Petrolog\u00eda est\u00e1n constituidas por una peque\u00f1a colecci\u00f3n de algo m\u00e1s de 1.400 ejemplares, entre minerales, rocas y areniscas. Disponemos de una bonita colecci\u00f3n de arenas de playas, desiertos, etc., de todo el Mundo. Duraci\u00f3n: Todo [&hellip;]<\/p>\n","protected":false},"author":1,"featured_media":0,"parent":0,"menu_order":0,"comment_status":"closed","ping_status":"closed","template":"","meta":{"footnotes":""},"class_list":["post-15562","page","type-page","status-publish","hentry"],"_links":{"self":[{"href":"https:\/\/hontzamuseoa.eus\/es\/wp-json\/wp\/v2\/pages\/15562"}],"collection":[{"href":"https:\/\/hontzamuseoa.eus\/es\/wp-json\/wp\/v2\/pages"}],"about":[{"href":"https:\/\/hontzamuseoa.eus\/es\/wp-json\/wp\/v2\/types\/page"}],"author":[{"embeddable":true,"href":"https:\/\/hontzamuseoa.eus\/es\/wp-json\/wp\/v2\/users\/1"}],"replies":[{"embeddable":true,"href":"https:\/\/hontzamuseoa.eus\/es\/wp-json\/wp\/v2\/comments?post=15562"}],"version-history":[{"count":0,"href":"https:\/\/hontzamuseoa.eus\/es\/wp-json\/wp\/v2\/pages\/15562\/revisions"}],"wp:attachment":[{"href":"https:\/\/hontzamuseoa.eus\/es\/wp-json\/wp\/v2\/media?parent=15562"}],"curies":[{"name":"wp","href":"https:\/\/api.w.org\/{rel}","templated":true}]}}