{"id":15550,"date":"2019-10-22T18:26:36","date_gmt":"2019-10-22T18:26:36","guid":{"rendered":"https:\/\/hontzamuseoa.eus\/?page_id=15550"},"modified":"2020-03-23T20:21:20","modified_gmt":"2020-03-23T20:21:20","slug":"fungi","status":"publish","type":"page","link":"https:\/\/hontzamuseoa.eus\/es\/fungi\/","title":{"rendered":"FUNGI"},"content":{"rendered":"<div class=\"wpb-content-wrapper\"><p>[vc_row wrap_container=\u00bbyes\u00bb][vc_column][\/vc_column][\/vc_row][vc_row css=\u00bb.vc_custom_1572532906329{padding-top: 70px !important;}\u00bb][vc_column width=\u00bb1\/2&#8243;][vc_single_image image=\u00bb16109&#8243; img_size=\u00bbfull\u00bb onclick=\u00bblink_image\u00bb][\/vc_column][vc_column width=\u00bb1\/2&#8243;][vc_column_text]<\/p>\n<h3>Hongos y Setas. Colecci\u00f3n de ejemplares al natural (especies diversas de tronco, secas)<\/h3>\n<p>Peque\u00f1a representaci\u00f3n de reproducciones de ejemplares varios, as\u00ed como especies diversas de tronco, secas.<\/p>\n<ul class=\"portfolio-details\">\n<li>\n<h5><i class=\"fas fa-caret-right\"><\/i>Duraci\u00f3n:<\/h5>\n<p>Todo el a\u00f1o<\/li>\n<li class=\"skill-list\">\n<h5><i class=\"fas fa-caret-right\"><\/i>N\u00famero de ejemplares expuestos:<\/h5>\n<p>20 representativos<\/li>\n<li>\n<h5><i class=\"fas fa-caret-right\"><\/i>Localizaci\u00f3n:<\/h5>\n<p>Primera planta, pasillo<\/li>\n<\/ul>\n<p>[vc_btn title=\u00bbReserva tu visita\u00bb style=\u00bbmodern\u00bb skin=\u00bbprimary\u00bb link=\u00bburl:https%3A%2F%2Fhontzamuseoa.eus%2Fes%2Fcontacto%2F|||\u00bb][\/vc_column_text][\/vc_column][\/vc_row]<\/p>\n<\/div>","protected":false},"excerpt":{"rendered":"<p>[vc_row wrap_container=\u00bbyes\u00bb][vc_column][\/vc_column][\/vc_row][vc_row css=\u00bb.vc_custom_1572532906329{padding-top: 70px !important;}\u00bb][vc_column width=\u00bb1\/2&#8243;][vc_single_image image=\u00bb16109&#8243; img_size=\u00bbfull\u00bb onclick=\u00bblink_image\u00bb][\/vc_column][vc_column width=\u00bb1\/2&#8243;][vc_column_text] Hongos y Setas. Colecci\u00f3n de ejemplares al natural (especies diversas de tronco, secas) Peque\u00f1a representaci\u00f3n de reproducciones de ejemplares varios, as\u00ed como especies diversas de tronco, secas. Duraci\u00f3n: Todo el a\u00f1o N\u00famero de ejemplares expuestos: 20 representativos Localizaci\u00f3n: Primera planta, pasillo [vc_btn title=\u00bbReserva tu visita\u00bb [&hellip;]<\/p>\n","protected":false},"author":1,"featured_media":0,"parent":0,"menu_order":0,"comment_status":"closed","ping_status":"closed","template":"","meta":{"footnotes":""},"class_list":["post-15550","page","type-page","status-publish","hentry"],"_links":{"self":[{"href":"https:\/\/hontzamuseoa.eus\/es\/wp-json\/wp\/v2\/pages\/15550"}],"collection":[{"href":"https:\/\/hontzamuseoa.eus\/es\/wp-json\/wp\/v2\/pages"}],"about":[{"href":"https:\/\/hontzamuseoa.eus\/es\/wp-json\/wp\/v2\/types\/page"}],"author":[{"embeddable":true,"href":"https:\/\/hontzamuseoa.eus\/es\/wp-json\/wp\/v2\/users\/1"}],"replies":[{"embeddable":true,"href":"https:\/\/hontzamuseoa.eus\/es\/wp-json\/wp\/v2\/comments?post=15550"}],"version-history":[{"count":0,"href":"https:\/\/hontzamuseoa.eus\/es\/wp-json\/wp\/v2\/pages\/15550\/revisions"}],"wp:attachment":[{"href":"https:\/\/hontzamuseoa.eus\/es\/wp-json\/wp\/v2\/media?parent=15550"}],"curies":[{"name":"wp","href":"https:\/\/api.w.org\/{rel}","templated":true}]}}