{"id":15499,"date":"2019-10-19T16:30:26","date_gmt":"2019-10-19T16:30:26","guid":{"rendered":"https:\/\/hontzamuseoa.eus\/?page_id=15499"},"modified":"2023-12-18T11:31:29","modified_gmt":"2023-12-18T11:31:29","slug":"fondos-y-colecciones","status":"publish","type":"page","link":"https:\/\/hontzamuseoa.eus\/es\/fondos-y-colecciones\/","title":{"rendered":"Fondos y Colecciones"},"content":{"rendered":"<div class=\"wpb-content-wrapper\"><p>[vc_row wrap_container=\u00bbyes\u00bb][vc_column offset=\u00bbvc_col-lg-offset-2 vc_col-lg-8 vc_col-md-offset-1 vc_col-md-10&#8243;]<div class=\"porto-u-heading  wpb_custom_95aa9a11c17ad45cfabaf210d84ee7cc porto-u-55ca8359258f9a412be7e73af65d2aac \"><div class=\"porto-u-main-heading\"><h2   style=\"font-weight:700;margin-bottom: 20px;font-size:32px;line-height:42px;\">Fondos del Museo<\/h2><\/div><div class=\"porto-u-sub-heading\" style=\"color: #636363;margin-bottom:40px;font-size:16.8px;line-height:32px;\">El museo cuenta en sus fondos con miles de ejemplares, de todas las partes del mundo, y de todos los campos de las ciencias naturales: <strong>Bot\u00e1nica, Fungi, Geolog\u00eda, Paleontolog\u00eda y Zoolog\u00eda, Invertebrados y Vertebrados<\/strong>.<\/div><style>.porto-u-55ca8359258f9a412be7e73af65d2aac.porto-u-heading{text-align:center}<\/style><\/div>[\/vc_column][\/vc_row][vc_row wrap_container=\u00bbyes\u00bb gap=\u00bb15&#8243; el_class=\u00bbour-offices\u00bb][vc_column width=\u00bb1\/3&#8243; animation_delay=\u00bb200&#8243; animation_type=\u00bbfadeInRight\u00bb]<div class=\"porto-ibanner interactive-banner-wrap-635e58aa32a4b7696597a8f6a25a0cdd\" style=\"background:#212529;\"><style scope=\"scope\">.interactive-banner-wrap-635e58aa32a4b7696597a8f6a25a0cdd .porto-ibanner-img{opacity:0.5;}<\/style><img loading=\"lazy\" decoding=\"async\" alt=\"\" width=\"1000\" height=\"750\" class=\"porto-ibanner-img\" src=\"https:\/\/hontzamuseoa.eus\/wp-content\/uploads\/2019\/10\/Botanica.jpg\" srcset=\"https:\/\/hontzamuseoa.eus\/wp-content\/uploads\/2019\/10\/Botanica.jpg 1000w, https:\/\/hontzamuseoa.eus\/wp-content\/uploads\/2019\/10\/Botanica-768x576.jpg 768w, https:\/\/hontzamuseoa.eus\/wp-content\/uploads\/2019\/10\/Botanica-463x348.jpg 463w, https:\/\/hontzamuseoa.eus\/wp-content\/uploads\/2019\/10\/Botanica-640x480.jpg 640w, https:\/\/hontzamuseoa.eus\/wp-content\/uploads\/2019\/10\/Botanica-400x300.jpg 400w, https:\/\/hontzamuseoa.eus\/wp-content\/uploads\/2019\/10\/Botanica-367x275.jpg 367w\" sizes=\"(max-width: 1000px) 100vw, 1000px\"><div class=\"porto-ibanner-desc\"><h2 class=\"porto-ibanner-title\" style=\"font-size: 20.4px;\">Bot\u00e1nica<\/h2><div class=\"porto-ibanner-content\" style=\"color:#212529;\"><a class=\"btn btn-md btn-modern btn-default btn-rounded\" title=\"\" href=\"#\">Acu\u00e1ticas y Terrestres <i class=\"fas fa-arrow-right\"><\/i><\/a><\/div><\/div><a aria-label=\"Banner & Featured Image\" class=\"porto-ibanner-link\" href=\"https:\/\/hontzamuseoa.eus\/es\/botanica\/\"   ><\/a><\/div>[\/vc_column][vc_column width=\u00bb1\/3&#8243; animation_delay=\u00bb200&#8243; animation_type=\u00bbfadeInLeft\u00bb]<div class=\"porto-ibanner interactive-banner-wrap-635e58aa32a4b7696597a8f6a25a0cdd\" style=\"background:#212529;\"><style scope=\"scope\">.interactive-banner-wrap-635e58aa32a4b7696597a8f6a25a0cdd .porto-ibanner-img{opacity:0.5;}<\/style><img loading=\"lazy\" decoding=\"async\" alt=\"\" width=\"1000\" height=\"750\" class=\"porto-ibanner-img\" src=\"https:\/\/hontzamuseoa.eus\/wp-content\/uploads\/2019\/10\/Fungi.jpg\" srcset=\"https:\/\/hontzamuseoa.eus\/wp-content\/uploads\/2019\/10\/Fungi.jpg 1000w, https:\/\/hontzamuseoa.eus\/wp-content\/uploads\/2019\/10\/Fungi-768x576.jpg 768w, https:\/\/hontzamuseoa.eus\/wp-content\/uploads\/2019\/10\/Fungi-463x348.jpg 463w, https:\/\/hontzamuseoa.eus\/wp-content\/uploads\/2019\/10\/Fungi-640x480.jpg 640w, https:\/\/hontzamuseoa.eus\/wp-content\/uploads\/2019\/10\/Fungi-400x300.jpg 400w, https:\/\/hontzamuseoa.eus\/wp-content\/uploads\/2019\/10\/Fungi-367x275.jpg 367w\" sizes=\"(max-width: 1000px) 100vw, 1000px\"><div class=\"porto-ibanner-desc\"><h2 class=\"porto-ibanner-title\" style=\"font-size: 20.4px;\">Fungi<\/h2><div class=\"porto-ibanner-content\" style=\"color:#212529;\"><a class=\"btn btn-md btn-modern btn-default btn-rounded\" title=\"\" href=\"#\">HONGOS Y SETAS <i class=\"fas fa-arrow-right\"><\/i><\/a><\/div><\/div><a aria-label=\"Banner & Featured Image\" class=\"porto-ibanner-link\" href=\"https:\/\/hontzamuseoa.eus\/es\/fungi\/\"   ><\/a><\/div>[\/vc_column][vc_column width=\u00bb1\/3&#8243; animation_delay=\u00bb200&#8243; animation_type=\u00bbfadeInUp\u00bb]<div class=\"porto-ibanner interactive-banner-wrap-635e58aa32a4b7696597a8f6a25a0cdd\" style=\"background:#212529;\"><style scope=\"scope\">.interactive-banner-wrap-635e58aa32a4b7696597a8f6a25a0cdd .porto-ibanner-img{opacity:0.5;}<\/style><img loading=\"lazy\" decoding=\"async\" alt=\"\" width=\"1000\" height=\"750\" class=\"porto-ibanner-img\" src=\"https:\/\/hontzamuseoa.eus\/wp-content\/uploads\/2019\/10\/Geologia.jpg\" srcset=\"https:\/\/hontzamuseoa.eus\/wp-content\/uploads\/2019\/10\/Geologia.jpg 1000w, https:\/\/hontzamuseoa.eus\/wp-content\/uploads\/2019\/10\/Geologia-768x576.jpg 768w, https:\/\/hontzamuseoa.eus\/wp-content\/uploads\/2019\/10\/Geologia-463x348.jpg 463w, https:\/\/hontzamuseoa.eus\/wp-content\/uploads\/2019\/10\/Geologia-640x480.jpg 640w, https:\/\/hontzamuseoa.eus\/wp-content\/uploads\/2019\/10\/Geologia-400x300.jpg 400w, https:\/\/hontzamuseoa.eus\/wp-content\/uploads\/2019\/10\/Geologia-367x275.jpg 367w\" sizes=\"(max-width: 1000px) 100vw, 1000px\"><div class=\"porto-ibanner-desc\"><h2 class=\"porto-ibanner-title\" style=\"font-size: 20.4px;\">Geolog\u00eda<\/h2><div class=\"porto-ibanner-content\" style=\"color:#212529;\"><a class=\"btn btn-md btn-modern btn-default btn-rounded\" title=\"\" href=\"#\">ROCAS Y MINERALES<i class=\"fas fa-arrow-right\"><\/i><\/a><\/div><\/div><a aria-label=\"Banner & Featured Image\" class=\"porto-ibanner-link\" href=\"https:\/\/hontzamuseoa.eus\/es\/geologia\/\"   ><\/a><\/div>[\/vc_column][\/vc_row][vc_row wrap_container=\u00bbyes\u00bb el_class=\u00bbour-offices\u00bb css=\u00bb.vc_custom_1572526714581{padding-bottom: 90px !important;}\u00bb][vc_column width=\u00bb1\/2&#8243; animation_delay=\u00bb200&#8243; animation_type=\u00bbfadeInLeft\u00bb]<div class=\"porto-ibanner interactive-banner-wrap-635e58aa32a4b7696597a8f6a25a0cdd\" style=\"background:#212529;\"><style scope=\"scope\">.interactive-banner-wrap-635e58aa32a4b7696597a8f6a25a0cdd .porto-ibanner-img{opacity:0.5;}<\/style><img loading=\"lazy\" decoding=\"async\" alt=\"\" width=\"1000\" height=\"300\" class=\"porto-ibanner-img\" src=\"https:\/\/hontzamuseoa.eus\/wp-content\/uploads\/2019\/10\/portada-paleontologia.jpg\" srcset=\"https:\/\/hontzamuseoa.eus\/wp-content\/uploads\/2019\/10\/portada-paleontologia.jpg 1000w, https:\/\/hontzamuseoa.eus\/wp-content\/uploads\/2019\/10\/portada-paleontologia-768x230.jpg 768w, https:\/\/hontzamuseoa.eus\/wp-content\/uploads\/2019\/10\/portada-paleontologia-640x192.jpg 640w, https:\/\/hontzamuseoa.eus\/wp-content\/uploads\/2019\/10\/portada-paleontologia-400x120.jpg 400w, https:\/\/hontzamuseoa.eus\/wp-content\/uploads\/2019\/10\/portada-paleontologia-367x110.jpg 367w\" sizes=\"(max-width: 1000px) 100vw, 1000px\"><div class=\"porto-ibanner-desc\"><h2 class=\"porto-ibanner-title\" style=\"font-size: 20.4px;\">Paleontolog\u00eda<\/h2><div class=\"porto-ibanner-content\" style=\"color:#212529;\"><a class=\"btn btn-md btn-modern btn-default btn-rounded\" title=\"\" href=\"#\">F\u00f3siles Vegetales, Invertebrados y Vertebrados <i class=\"fas fa-arrow-right\"><\/i><\/a><\/div><\/div><a aria-label=\"Banner & Featured Image\" class=\"porto-ibanner-link\" href=\"https:\/\/hontzamuseoa.eus\/es\/paleontologia\/\"   ><\/a><\/div>[\/vc_column][vc_column width=\u00bb1\/2&#8243; animation_delay=\u00bb200&#8243; animation_type=\u00bbfadeInRight\u00bb]<div class=\"porto-ibanner interactive-banner-wrap-635e58aa32a4b7696597a8f6a25a0cdd\" style=\"background:#212529;\"><style scope=\"scope\">.interactive-banner-wrap-635e58aa32a4b7696597a8f6a25a0cdd .porto-ibanner-img{opacity:0.5;}<\/style><img loading=\"lazy\" decoding=\"async\" alt=\"\" width=\"1000\" height=\"300\" class=\"porto-ibanner-img\" src=\"https:\/\/hontzamuseoa.eus\/wp-content\/uploads\/2019\/10\/portada-Invertebrados-Artropodos.png\" srcset=\"https:\/\/hontzamuseoa.eus\/wp-content\/uploads\/2019\/10\/portada-Invertebrados-Artropodos.png 1000w, https:\/\/hontzamuseoa.eus\/wp-content\/uploads\/2019\/10\/portada-Invertebrados-Artropodos-768x230.png 768w, https:\/\/hontzamuseoa.eus\/wp-content\/uploads\/2019\/10\/portada-Invertebrados-Artropodos-640x192.png 640w, https:\/\/hontzamuseoa.eus\/wp-content\/uploads\/2019\/10\/portada-Invertebrados-Artropodos-400x120.png 400w, https:\/\/hontzamuseoa.eus\/wp-content\/uploads\/2019\/10\/portada-Invertebrados-Artropodos-367x110.png 367w\" sizes=\"(max-width: 1000px) 100vw, 1000px\"><div class=\"porto-ibanner-desc\"><h2 class=\"porto-ibanner-title\" style=\"font-size: 20.4px;\">Zoolog\u00eda<\/h2><div class=\"porto-ibanner-content\" style=\"color:#212529;\"><a class=\"btn btn-md btn-modern btn-default btn-rounded\" title=\"\" href=\"https:\/\/hontzamuseoa.eus\/es\/zoologia\/\">INVERTEBRADOS Y VERTEBRADOS <i class=\"fas fa-arrow-right\"><\/i><\/a><\/div><\/div><a aria-label=\"Banner & Featured Image\" class=\"porto-ibanner-link\" href=\"https:\/\/hontzamuseoa.eus\/es\/zoologia\/\"   ><\/a><\/div>[\/vc_column][\/vc_row][vc_row full_width=\u00bbstretch_row\u00bb is_section=\u00bbyes\u00bb section_skin=\u00bbparallax\u00bb remove_margin_top=\u00bbyes\u00bb remove_margin_bottom=\u00bbyes\u00bb remove_border=\u00bbyes\u00bb css=\u00bb.vc_custom_1571769380714{margin-bottom: -40px !important;padding-top: 50px !important;padding-bottom: 50px !important;background-color: #f4f4f4 !important;}\u00bb][vc_column width=\u00bb1\/2&#8243; el_class=\u00bborder-md-2&#8243;][vc_single_image image=\u00bb16130&#8243; img_size=\u00bbfull\u00bb animation_delay=\u00bb100&#8243; animation_type=\u00bbfadeInRight\u00bb el_class=\u00bbmb-4&#8243;][\/vc_column][vc_column width=\u00bb1\/2&#8243;][vc_row_inner el_class=\u00bboverflow-hidden\u00bb][vc_column_inner]<div class=\"porto-u-heading  wpb_custom_95aa9a11c17ad45cfabaf210d84ee7cc porto-u-ad87e2eaf3f9c495180fe0156ddf3eb0 \" data-appear-animation=\"maskUp\" data-appear-animation-delay=\"300\"><div class=\"porto-u-main-heading\"><h2   style=\"font-weight:700;font-size:32px;\">RECOPILACI\u00d3N, IDENTIFICACI\u00d3N, CONSERVACI\u00d3N Y ALMACENAJE<\/h2><\/div><div class=\"porto-u-sub-heading\" style=\"font-weight:700;color: #0088cc;font-size:14px;\">\n<p class=\"text-uppercase\">M\u00e1s de 47.000 especies catalogadas<\/p>\n<p><\/div><style>.porto-u-ad87e2eaf3f9c495180fe0156ddf3eb0.porto-u-heading{text-align:left}<\/style><\/div>[\/vc_column_inner][\/vc_row_inner][vc_column_text css_animation=\u00bbfadeInUp\u00bb]<\/p>\n<p class=\"lead\">El museo cuenta en sus fondos con miles de ejemplares, de todas las partes del mundo, y de todos los campos de las ciencias naturales: <strong>Bot\u00e1nica, Fungi, Geolog\u00eda, Paleontolog\u00eda y Zoolog\u00eda, Invertebrados y Vertebrados<\/strong>.<\/p>\n<p>La labor del presidente de la Fundaci\u00f3n, Enrike Huerta, ha sido fundamental, ya que ha realizado <strong>trabajos de investigaci\u00f3n continuados durante m\u00e1s de 50 a\u00f1os<\/strong>: trabajos de campo, identificaci\u00f3n, conservaci\u00f3n y almacenaje, principalmente en el Mundo marino.<\/p>\n<p>Pero son los donantes los que han aumentado considerablemente nuestros fondos: colegas, amigos, personas desinteresadas, entidades, asociaciones y colegios, con sus donaciones de uno, cuatro, cincuenta, e incluso cientos, de ejemplares.[\/vc_column_text][vc_separator color=\u00bbcustom\u00bb css_animation=\u00bbfadeInUp\u00bb style=\u00bbsolid\u00bb gap=\u00bbtall\u00bb accent_color=\u00bbrgba(0,0,0,0.06)\u00bb][vc_row_inner animation_delay=\u00bb500&#8243; animation_type=\u00bbfadeInUp\u00bb][vc_column_inner offset=\u00bbvc_col-md-6&#8243;][vc_btn title=\u00bbReserva tu visita\u00bb style=\u00bbmodern\u00bb skin=\u00bbprimary\u00bb link=\u00bburl:https%3A%2F%2Fhontzamuseoa.eus%2Fes%2Fcontacto%2F|||\u00bb][\/vc_column_inner][\/vc_row_inner][\/vc_column][\/vc_row]<\/p>\n<\/div>","protected":false},"excerpt":{"rendered":"<p>[vc_row wrap_container=\u00bbyes\u00bb][vc_column offset=\u00bbvc_col-lg-offset-2 vc_col-lg-8 vc_col-md-offset-1 vc_col-md-10&#8243;][\/vc_column][\/vc_row][vc_row wrap_container=\u00bbyes\u00bb gap=\u00bb15&#8243; el_class=\u00bbour-offices\u00bb][vc_column width=\u00bb1\/3&#8243; animation_delay=\u00bb200&#8243; animation_type=\u00bbfadeInRight\u00bb][\/vc_column][vc_column width=\u00bb1\/3&#8243; animation_delay=\u00bb200&#8243; animation_type=\u00bbfadeInLeft\u00bb][\/vc_column][vc_column width=\u00bb1\/3&#8243; animation_delay=\u00bb200&#8243; animation_type=\u00bbfadeInUp\u00bb][\/vc_column][\/vc_row][vc_row wrap_container=\u00bbyes\u00bb el_class=\u00bbour-offices\u00bb css=\u00bb.vc_custom_1572526714581{padding-bottom: 90px !important;}\u00bb][vc_column width=\u00bb1\/2&#8243; animation_delay=\u00bb200&#8243; animation_type=\u00bbfadeInLeft\u00bb][\/vc_column][vc_column width=\u00bb1\/2&#8243; animation_delay=\u00bb200&#8243; animation_type=\u00bbfadeInRight\u00bb][\/vc_column][\/vc_row][vc_row full_width=\u00bbstretch_row\u00bb is_section=\u00bbyes\u00bb section_skin=\u00bbparallax\u00bb remove_margin_top=\u00bbyes\u00bb remove_margin_bottom=\u00bbyes\u00bb remove_border=\u00bbyes\u00bb css=\u00bb.vc_custom_1571769380714{margin-bottom: -40px !important;padding-top: 50px !important;padding-bottom: 50px !important;background-color: #f4f4f4 !important;}\u00bb][vc_column width=\u00bb1\/2&#8243; el_class=\u00bborder-md-2&#8243;][vc_single_image image=\u00bb16130&#8243; img_size=\u00bbfull\u00bb animation_delay=\u00bb100&#8243; animation_type=\u00bbfadeInRight\u00bb el_class=\u00bbmb-4&#8243;][\/vc_column][vc_column width=\u00bb1\/2&#8243;][vc_row_inner el_class=\u00bboverflow-hidden\u00bb][vc_column_inner][\/vc_column_inner][\/vc_row_inner][vc_column_text css_animation=\u00bbfadeInUp\u00bb] El [&hellip;]<\/p>\n","protected":false},"author":1,"featured_media":0,"parent":0,"menu_order":0,"comment_status":"closed","ping_status":"closed","template":"","meta":{"footnotes":""},"class_list":["post-15499","page","type-page","status-publish","hentry"],"_links":{"self":[{"href":"https:\/\/hontzamuseoa.eus\/es\/wp-json\/wp\/v2\/pages\/15499"}],"collection":[{"href":"https:\/\/hontzamuseoa.eus\/es\/wp-json\/wp\/v2\/pages"}],"about":[{"href":"https:\/\/hontzamuseoa.eus\/es\/wp-json\/wp\/v2\/types\/page"}],"author":[{"embeddable":true,"href":"https:\/\/hontzamuseoa.eus\/es\/wp-json\/wp\/v2\/users\/1"}],"replies":[{"embeddable":true,"href":"https:\/\/hontzamuseoa.eus\/es\/wp-json\/wp\/v2\/comments?post=15499"}],"version-history":[{"count":0,"href":"https:\/\/hontzamuseoa.eus\/es\/wp-json\/wp\/v2\/pages\/15499\/revisions"}],"wp:attachment":[{"href":"https:\/\/hontzamuseoa.eus\/es\/wp-json\/wp\/v2\/media?parent=15499"}],"curies":[{"name":"wp","href":"https:\/\/api.w.org\/{rel}","templated":true}]}}