{"id":143,"date":"2019-09-14T07:48:11","date_gmt":"2019-09-14T07:48:11","guid":{"rendered":"http:\/\/sw-themes.com\/porto_dummy\/?page_id=143"},"modified":"2023-12-21T12:46:05","modified_gmt":"2023-12-21T12:46:05","slug":"home","status":"publish","type":"page","link":"https:\/\/hontzamuseoa.eus\/es\/","title":{"rendered":"HONTZA Museo de Ciencias Naturales de Bizkaia"},"content":{"rendered":"<div class=\"wpb-content-wrapper\"><p>[vc_row wrap_container=\u00bbyes\u00bb el_class=\u00bbp-t-xxl\u00bb][vc_column width=\u00bb5\/6&#8243; offset=\u00bbvc_col-sm-offset-1&#8243;][vc_column_text css_animation=\u00bbfadeInUp\u00bb el_class=\u00bbfeatured lead\u00bb]<\/p>\n<h1 style=\"text-align: center;\">Museo Internacional de Ciencias Naturales<\/h1>\n<p>[\/vc_column_text]<h1 class=\"word-rotator slide short\" data-appear-animation=\"fadeInUp\" style=\"font-size:24px;line-height:18px;text-align:center;\" data-plugin-options=\"{'waittime': 2500, 'pauseOnHover': false}\"><span class=\"word-rotate-prefix\" style=\"font-weight:700;font-size:32px !important;\">Descubre<\/span> <span class=\"word-rotator-items has-bg\" style=\"font-family:&#039;Open Sans&#039;;color:#ffffff;background:#105406;\"><b class=\"active\">bot\u00e1nica<\/b><b>fungi<\/b><b>geolog\u00eda<\/b><b>paleontolog\u00eda<\/b><b>zoolog\u00eda<\/b><\/span> <span class=\"word-rotate-suffix\" style=\"font-weight:700;font-size:32px !important;\">en nuestro Museo<\/span><\/h1>[vc_column_text css_animation=\u00bbfadeInUp\u00bb el_class=\u00bbfeatured lead\u00bb]<\/p>\n<p style=\"text-align: center;\">\u00a1Ven a visitar el <strong>\u00fanico museo oficial de Ciencias Naturales de Bizkaia,<\/strong> te sorprender\u00e1!<\/p>\n<p>[\/vc_column_text][\/vc_column][\/vc_row][vc_row wrap_container=\u00bbyes\u00bb animation_delay=\u00bb\u00bb][vc_column width=\u00bb1\/3&#8243; animation_delay=\u00bb300&#8243; conditional_render=\u00bb%5B%7B%22value_role%22%3A%22administrator%22%7D%5D\u00bb]<div class=\"porto-sicon-box  wpb_custom_1efe903570d178ff0a9b7bfa5febd3a4 style_1 left-icon\"><div class=\"porto-sicon-left\"><div class=\"porto-just-icon-wrapper porto-icon advanced\" style=\"color:#0088cc;width:36px;height:36px;line-height:36px;border-radius:500px;font-size:28px;\"><i class=\"Simple-Line-Icons-emotsmile\"><\/i><\/div><\/div><div class=\"porto-sicon-body\"><div class=\"porto-sicon-header\"><h3 class=\"porto-sicon-title\" style=\"font-weight:700;\">Visitas guiadas<\/h3><\/div> <!-- header --><div class=\"porto-sicon-description\" style=\"\">Visitas guiadas para escuelas. Si deseas venir al museo con tu escuela contacta con Hontza, <a href=\"https:\/\/hontzamuseoa.eus\/es\/contacto\/\"><strong>\u00a1transforma tu visita en una experiencia inolvidable!<\/strong><\/a><\/div> <!-- description --><\/div><\/div><!-- porto-sicon-box -->[\/vc_column][vc_column width=\u00bb1\/3&#8243; conditional_render=\u00bb%5B%7B%22value_role%22%3A%22administrator%22%7D%5D\u00bb]<div class=\"porto-sicon-box  wpb_custom_1efe903570d178ff0a9b7bfa5febd3a4 style_1 left-icon\"><div class=\"porto-sicon-left\"><div class=\"porto-just-icon-wrapper porto-icon advanced\" style=\"color:#0088cc;width:36px;height:36px;line-height:36px;border-radius:500px;font-size:28px;\"><i class=\"Simple-Line-Icons-trophy\"><\/i><\/div><\/div><div class=\"porto-sicon-body\"><div class=\"porto-sicon-header\"><h3 class=\"porto-sicon-title\" style=\"font-weight:700;\">Entrada Gratuita<\/h3><\/div> <!-- header --><div class=\"porto-sicon-description\" style=\"\">Para menores de 12 a\u00f1os y miembros del ICOM. Escolares y otros colectivos precios reducidos.<\/div> <!-- description --><\/div><\/div><!-- porto-sicon-box -->[\/vc_column][vc_column width=\u00bb1\/3&#8243; animation_delay=\u00bb300&#8243; conditional_render=\u00bb%5B%7B%22value_role%22%3A%22administrator%22%7D%5D\u00bb]<div class=\"porto-sicon-box  wpb_custom_1efe903570d178ff0a9b7bfa5febd3a4 style_1 left-icon\"><div class=\"porto-sicon-left\"><div class=\"porto-just-icon-wrapper porto-icon advanced\" style=\"color:#0088cc;width:36px;height:36px;line-height:36px;border-radius:500px;font-size:28px;\"><i class=\"Simple-Line-Icons-menu\"><\/i><\/div><\/div><div class=\"porto-sicon-body\"><div class=\"porto-sicon-header\"><h3 class=\"porto-sicon-title\" style=\"font-weight:700;\">M\u00e1s de 47.000 ejemplares<\/h3><\/div> <!-- header --><div class=\"porto-sicon-description\" style=\"\">Los fondos de museo, en la actualidad, lo componen m\u00e1s de 47.000 ejemplares dados de alta, <strong>de todos los campos de las ciencias naturales<\/strong>.<\/div> <!-- description --><\/div><\/div><!-- porto-sicon-box -->[\/vc_column][\/vc_row][vc_row wrap_container=\u00bbyes\u00bb animation_delay=\u00bb\u00bb el_class=\u00bbpb-5&#8243;][vc_column width=\u00bb1\/3&#8243; animation_delay=\u00bb300&#8243; conditional_render=\u00bb%5B%7B%22value_role%22%3A%22administrator%22%7D%5D\u00bb]<div class=\"porto-sicon-box  wpb_custom_1efe903570d178ff0a9b7bfa5febd3a4 style_1 left-icon\"><div class=\"porto-sicon-left\"><div class=\"porto-just-icon-wrapper porto-icon advanced\" style=\"color:#0088cc;width:36px;height:36px;line-height:36px;border-radius:500px;font-size:28px;\"><i class=\"fas fa-wheelchair\"><\/i><\/div><\/div><div class=\"porto-sicon-body\"><div class=\"porto-sicon-header\"><h3 class=\"porto-sicon-title\" style=\"font-weight:700;\">Accesible<\/h3><\/div> <!-- header --><div class=\"porto-sicon-description\" style=\"\">El museo est\u00e1 acondicionado y es accesible a <strong>personas con movilidad reducida<\/strong>.<\/div> <!-- description --><\/div><\/div><!-- porto-sicon-box -->[\/vc_column][vc_column width=\u00bb1\/3&#8243; conditional_render=\u00bb%5B%7B%22value_role%22%3A%22administrator%22%7D%5D\u00bb]<div class=\"porto-sicon-box  wpb_custom_1efe903570d178ff0a9b7bfa5febd3a4 style_1 left-icon\"><div class=\"porto-sicon-left\"><div class=\"porto-just-icon-wrapper porto-icon advanced\" style=\"color:#0088cc;width:36px;height:36px;line-height:36px;border-radius:500px;font-size:28px;\"><i class=\"Simple-Line-Icons-book-open\"><\/i><\/div><\/div><div class=\"porto-sicon-body\"><div class=\"porto-sicon-header\"><h3 class=\"porto-sicon-title\" style=\"font-weight:700;\">Biblioteca especializada<\/h3><\/div> <!-- header --><div class=\"porto-sicon-description\" style=\"\">Disponemos de <a href=\"https:\/\/hontzamuseoa.eus\/es\/el-museo\/#biblioteca\"><strong>m\u00e1s de 3.000 ejemplares<\/strong> <\/a>de libros, revistas y art\u00edculos cient\u00edficos sobre Fungi, Bot\u00e1nica, Geolog\u00eda, Paleontolog\u00eda\u00a0 y Zoolog\u00eda.<\/div> <!-- description --><\/div><\/div><!-- porto-sicon-box -->[\/vc_column][vc_column width=\u00bb1\/3&#8243; animation_delay=\u00bb300&#8243; conditional_render=\u00bb%5B%7B%22value_role%22%3A%22administrator%22%7D%5D\u00bb]<div class=\"porto-sicon-box  wpb_custom_1efe903570d178ff0a9b7bfa5febd3a4 style_1 left-icon\"><div class=\"porto-sicon-left\"><div class=\"porto-just-icon-wrapper porto-icon advanced\" style=\"color:#0088cc;width:36px;height:36px;line-height:36px;border-radius:500px;font-size:30px;\"><i class=\"Simple-Line-Icons-directions\"><\/i><\/div><\/div><div class=\"porto-sicon-body\"><div class=\"porto-sicon-header\"><h3 class=\"porto-sicon-title\" style=\"font-weight:700;\">En el centro de Euskadi<\/h3><\/div> <!-- header --><div class=\"porto-sicon-description\" style=\"\">Hontza Museoa est\u00e1 ubicado en el <a href=\"https:\/\/www.google.es\/maps\/place\/HONTZA+MUSEOA+FUNDAZIOA\/@43.1376534,-2.663375,17z\/data=!4m12!1m6!3m5!1s0xd4fccd6fb23b04b:0xaadba499a07a483e!2sHONTZA+MUSEOA+FUNDAZIOA!8m2!3d43.1376495!4d-2.6611863!3m4!1s0xd4fccd6fb23b04b:0xaadba499a07a483e!8m2!3d43.1376495!4d-2.6611863\" target=\"_blank\" rel=\"noopener noreferrer\"><strong>centro de Euskadi<\/strong><\/a>, a menos de 30 minutos de Bilbao, 40 de Donosti y 25 de Vitoria-Gazteiz.<\/div> <!-- description --><\/div><\/div><!-- porto-sicon-box -->[\/vc_column][\/vc_row][vc_row wrap_container=\u00bbyes\u00bb is_section=\u00bbyes\u00bb section_skin=\u00bbdark\u00bb remove_margin_top=\u00bbyes\u00bb remove_margin_bottom=\u00bbyes\u00bb remove_border=\u00bbyes\u00bb css=\u00bb.vc_custom_1545710577539{padding-top: 80px !important;}\u00bb][vc_column][vc_custom_heading text=\u00bb<b>Espec\u00edmenes<\/b> del museo\u00bb font_container=\u00bbtag:h2|font_size:25px|text_align:left|color:%23ffffff\u00bb use_theme_fonts=\u00bbyes\u00bb css=\u00bb.vc_custom_1568466006903{margin-bottom: 20px !important;}\u00bb][vc_row_inner css=\u00bb.vc_custom_1568466654017{margin-bottom: 40px !important;}\u00bb][vc_column_inner width=\u00bb5\/12&#8243;][vc_column_text]<\/p>\n<p class=\"lead\" style=\"color: rgba(255, 255, 255, .7);\">Descubre cerca de 47.000 especies de los 5 continentes.<\/p>\n<p><img loading=\"lazy\" decoding=\"async\" class=\"size-full wp-image-16939\" src=\"https:\/\/hontzamuseoa.eus\/wp-content\/uploads\/2021\/09\/Nat-Mar.jpg\" alt=\"\" width=\"1500\" height=\"1009\" srcset=\"https:\/\/hontzamuseoa.eus\/wp-content\/uploads\/2021\/09\/Nat-Mar.jpg 1500w, https:\/\/hontzamuseoa.eus\/wp-content\/uploads\/2021\/09\/Nat-Mar-768x517.jpg 768w, https:\/\/hontzamuseoa.eus\/wp-content\/uploads\/2021\/09\/Nat-Mar-1024x689.jpg 1024w, https:\/\/hontzamuseoa.eus\/wp-content\/uploads\/2021\/09\/Nat-Mar-640x431.jpg 640w, https:\/\/hontzamuseoa.eus\/wp-content\/uploads\/2021\/09\/Nat-Mar-400x269.jpg 400w, https:\/\/hontzamuseoa.eus\/wp-content\/uploads\/2021\/09\/Nat-Mar-367x247.jpg 367w\" sizes=\"(max-width: 1500px) 100vw, 1500px\" \/>[\/vc_column_text][vc_column_text]<a class=\"font-weight-semibold text-sm\" href=\"https:\/\/hontzamuseoa.eus\/es\/fondos-y-colecciones\/\"><span style=\"color: #ffffff;\"><strong>VER LOS FONDOS Y COLECCIONES\u00a0<\/strong><\/span><i class=\"fa fa-chevron-right ml-2\"><\/i><\/a>[\/vc_column_text][\/vc_column_inner][vc_column_inner width=\u00bb7\/12&#8243;][vc_empty_space height=\u00bb72px\u00bb][vc_progress_bar values=\u00bb%5B%7B%22label%22%3A%22INVERTEBRADOS%22%2C%22value%22%3A%2270%22%2C%22color%22%3A%22custom%22%2C%22customcolor%22%3A%22%232b881d%22%7D%2C%7B%22label%22%3A%22GEOLOG%C3%8DA-PALEONTOLOG%C3%8DA%22%2C%22value%22%3A%2215%22%2C%22color%22%3A%22custom%22%2C%22customcolor%22%3A%22%232b881d%22%7D%2C%7B%22label%22%3A%22VERTEBRADOS%22%2C%22value%22%3A%2210%22%2C%22color%22%3A%22custom%22%2C%22customcolor%22%3A%22%232b881d%22%7D%2C%7B%22label%22%3A%22BOT%C3%81NICA%22%2C%22value%22%3A%225%22%2C%22color%22%3A%22custom%22%2C%22customcolor%22%3A%22%232b881d%22%7D%5D\u00bb bgcolor=\u00bbcustom\u00bb tooltip=\u00bb\u00bb custombgcolor=\u00bb#0088cc\u00bb units=\u00bb%\u00bb][\/vc_column_inner][\/vc_row_inner][\/vc_column][\/vc_row][vc_row wrap_container=\u00bbyes\u00bb animation_delay=\u00bb300&#8243; animation_type=\u00bbfadeInUp\u00bb css=\u00bb.vc_custom_1585593269732{padding-top: 80px !important;padding-bottom: 60px !important;}\u00bb][vc_column width=\u00bb1\/2&#8243;][vc_single_image image=\u00bb15130&#8243; img_size=\u00bbfull\u00bb alignment=\u00bbcenter\u00bb][\/vc_column][vc_column width=\u00bb1\/2&#8243;][vc_custom_heading text=\u00bbEnrike Huerta <b>Fundador de Hontza Museoa<\/b>\u00bb font_container=\u00bbtag:h2|font_size:25|text_align:left|line_height:1.3&#8243; use_theme_fonts=\u00bbyes\u00bb el_class=\u00bbmb-3&#8243;][vc_column_text]<\/p>\n<p class=\"lead\">Desde los 12 a\u00f1os me he dedicado a la incorporaci\u00f3n e identificaci\u00f3n, posteriormente a la investigaci\u00f3n e informatizaci\u00f3n de espec\u00edmenes de los cinco continentes, con el sue\u00f1o de que alg\u00fan d\u00eda pudiera crear un museo de Ciencias Naturales en el Duranguesado.<\/p>\n<p class=\"lead\">54 a\u00f1os despu\u00e9s, y tras a\u00f1os de lucha y dedicaci\u00f3n, mi sue\u00f1o se ha hecho realidad y puedo compartir con todas las personas que lo deseen, la belleza y grandeza de la madre naturaleza.<\/p>\n<p>[\/vc_column_text][vc_btn title=\u00bbEquipo Directivo\u00bb style=\u00bbmodern\u00bb shape=\u00bbsquare\u00bb size=\u00bblg\u00bb skin=\u00bbprimary\u00bb link=\u00bburl:https%3A%2F%2Fhontzamuseoa.eus%2Fes%2Fel-museo%2F|||\u00bb][\/vc_column][\/vc_row]<\/p>\n<\/div>","protected":false},"excerpt":{"rendered":"<p>[vc_row wrap_container=\u00bbyes\u00bb el_class=\u00bbp-t-xxl\u00bb][vc_column width=\u00bb5\/6&#8243; offset=\u00bbvc_col-sm-offset-1&#8243;][vc_column_text css_animation=\u00bbfadeInUp\u00bb el_class=\u00bbfeatured lead\u00bb] Museo Internacional de Ciencias Naturales [\/vc_column_text][vc_column_text css_animation=\u00bbfadeInUp\u00bb el_class=\u00bbfeatured lead\u00bb] \u00a1Ven a visitar el \u00fanico museo oficial de Ciencias Naturales de Bizkaia, te sorprender\u00e1! [\/vc_column_text][\/vc_column][\/vc_row][vc_row wrap_container=\u00bbyes\u00bb animation_delay=\u00bb\u00bb][vc_column width=\u00bb1\/3&#8243; animation_delay=\u00bb300&#8243; conditional_render=\u00bb%5B%7B%22value_role%22%3A%22administrator%22%7D%5D\u00bb][\/vc_column][vc_column width=\u00bb1\/3&#8243; conditional_render=\u00bb%5B%7B%22value_role%22%3A%22administrator%22%7D%5D\u00bb][\/vc_column][vc_column width=\u00bb1\/3&#8243; animation_delay=\u00bb300&#8243; conditional_render=\u00bb%5B%7B%22value_role%22%3A%22administrator%22%7D%5D\u00bb][\/vc_column][\/vc_row][vc_row wrap_container=\u00bbyes\u00bb animation_delay=\u00bb\u00bb el_class=\u00bbpb-5&#8243;][vc_column width=\u00bb1\/3&#8243; animation_delay=\u00bb300&#8243; conditional_render=\u00bb%5B%7B%22value_role%22%3A%22administrator%22%7D%5D\u00bb][\/vc_column][vc_column width=\u00bb1\/3&#8243; conditional_render=\u00bb%5B%7B%22value_role%22%3A%22administrator%22%7D%5D\u00bb][\/vc_column][vc_column width=\u00bb1\/3&#8243; animation_delay=\u00bb300&#8243; conditional_render=\u00bb%5B%7B%22value_role%22%3A%22administrator%22%7D%5D\u00bb][\/vc_column][\/vc_row][vc_row wrap_container=\u00bbyes\u00bb is_section=\u00bbyes\u00bb [&hellip;]<\/p>\n","protected":false},"author":1,"featured_media":0,"parent":0,"menu_order":0,"comment_status":"closed","ping_status":"closed","template":"","meta":{"footnotes":""},"class_list":["post-143","page","type-page","status-publish","hentry"],"_links":{"self":[{"href":"https:\/\/hontzamuseoa.eus\/es\/wp-json\/wp\/v2\/pages\/143"}],"collection":[{"href":"https:\/\/hontzamuseoa.eus\/es\/wp-json\/wp\/v2\/pages"}],"about":[{"href":"https:\/\/hontzamuseoa.eus\/es\/wp-json\/wp\/v2\/types\/page"}],"author":[{"embeddable":true,"href":"https:\/\/hontzamuseoa.eus\/es\/wp-json\/wp\/v2\/users\/1"}],"replies":[{"embeddable":true,"href":"https:\/\/hontzamuseoa.eus\/es\/wp-json\/wp\/v2\/comments?post=143"}],"version-history":[{"count":0,"href":"https:\/\/hontzamuseoa.eus\/es\/wp-json\/wp\/v2\/pages\/143\/revisions"}],"wp:attachment":[{"href":"https:\/\/hontzamuseoa.eus\/es\/wp-json\/wp\/v2\/media?parent=143"}],"curies":[{"name":"wp","href":"https:\/\/api.w.org\/{rel}","templated":true}]}}